{"id":11948,"date":"2018-02-28T10:07:25","date_gmt":"2018-02-28T08:07:25","guid":{"rendered":"http:\/\/www.padaste.ee\/?page_id=11948"},"modified":"2025-10-14T09:42:16","modified_gmt":"2025-10-14T09:42:16","slug":"paketi-detailid-avasta-muhu","status":"publish","type":"page","link":"https:\/\/www.padaste.ee\/et\/paketid\/avasta-muhu\/paketi-detailid-avasta-muhu\/","title":{"rendered":"Paketi Detailid &#8211; Avasta Muhu"},"content":{"rendered":"<p><span style=\"color: #ff0000;\"><strong>Hinnastamine<\/strong><\/span><\/p>\n<p>&nbsp;<\/p>\n<table class=\"arrangement_specification_table\" style=\"width: 100%; height: 144px;\">\n<tbody>\n<tr style=\"height: 48px;\">\n<td style=\"width: 36.9418%; height: 48px;\">&nbsp;<\/td>\n<td style=\"text-align: center; width: 14.3437%; height: 48px;\"><strong>K\u00f5rghooaeg<br \/>\nTuba Kahele<\/strong><\/td>\n<td style=\"text-align: center; width: 17.4561%; height: 48px;\"><strong>K\u00f5rghooaeg<br \/>\nTuba \u00dchele<\/strong><\/td>\n<td style=\"text-align: center; width: 12.8552%; height: 48px;\"><strong>Madalhooaeg<br \/>\nTuba Kahele<\/strong><\/td>\n<td style=\"text-align: center; width: 16.6441%; height: 48px;\"><strong>Madalhooaeg<br \/>\nTuba \u00dchele<\/strong><\/td>\n<\/tr>\n<tr style=\"height: 24px;\">\n<td style=\"width: 36.9418%; height: 24px;\"><strong>Deluxe Double tuba H\u00e4rrastemajas<\/strong><\/td>\n<td style=\"text-align: center; width: 14.3437%; height: 24px;\">1609 \u20ac<\/td>\n<td style=\"text-align: center; width: 17.4561%; height: 24px;\">1409 \u20ac<\/td>\n<td style=\"text-align: center; width: 12.8552%; height: 24px;\">1279 \u20ac<\/td>\n<td style=\"text-align: center; width: 16.6441%; height: 24px;\">979 \u20ac<\/td>\n<\/tr>\n<tr style=\"height: 24px;\">\n<td style=\"width: 36.9418%; height: 24px;\"><strong>Junior sviit T\u00f5llakuuris<\/strong><\/td>\n<td style=\"text-align: center; width: 14.3437%; height: 24px;\">1839 \u20ac<\/td>\n<td style=\"text-align: center; width: 17.4561%; height: 24px;\">1529 \u20ac<\/td>\n<td style=\"text-align: center; width: 12.8552%; height: 24px;\">1309 \u20ac<\/td>\n<td style=\"text-align: center; width: 16.6441%; height: 24px;\">1009 \u20ac<\/td>\n<\/tr>\n<tr style=\"height: 24px;\">\n<td style=\"width: 36.9418%; height: 24px;\"><strong>Superior Double tuba H\u00e4rrastemajas<\/strong><\/td>\n<td style=\"text-align: center; width: 14.3437%; height: 24px;\">1999 \u20ac<\/td>\n<td style=\"text-align: center; width: 17.4561%; height: 24px;\">1699 \u20ac<\/td>\n<td style=\"text-align: center; width: 12.8552%; height: 24px;\">1349&nbsp; \u20ac<\/td>\n<td style=\"text-align: center; width: 16.6441%; height: 24px;\">1039 \u20ac<\/td>\n<\/tr>\n<tr style=\"height: 24px;\">\n<td style=\"width: 36.9418%; height: 24px;\"><strong>Superior Junior sviit tuba T\u00f5llakuuris<\/strong><\/td>\n<td style=\"text-align: center; width: 14.3437%; height: 24px;\">2079 \u20ac<\/td>\n<td style=\"text-align: center; width: 17.4561%; height: 24px;\">1779 \u20ac<\/td>\n<td style=\"text-align: center; width: 12.8552%; height: 24px;\">1379 \u20ac<\/td>\n<td style=\"text-align: center; width: 16.6441%; height: 24px;\">1069 \u20ac<\/td>\n<\/tr>\n<\/tbody>\n<\/table>\n<p>&nbsp;<\/p>\n<p>&nbsp;<\/p>\n<p><span style=\"color: #ff0000;\"><strong>Paketi detailid<\/strong><\/span><\/p>\n<p>&nbsp;<\/p>\n<table>\n<tbody>\n<tr>\n<td colspan=\"2\">&nbsp;<\/td>\n<\/tr>\n<tr>\n<td>P\u00e4ev 1:<\/td>\n<td>Pealel\u00f5unal saabumine P\u00e4daste M\u00f5isa. Kui olete end sisse seadnud, pakume teile tervituseks klaasi vahuveini ja valik P\u00e4daste Gourmet tooteid teie toas. \u00d5htul serveerime Teile Alexander restoranis neljak\u00e4igulise <em>Table d`H\u00f4te<\/em> \u00f5htus\u00f6\u00f6gi.<\/td>\n<\/tr>\n<tr>\n<td>P\u00e4ev 2:<\/td>\n<td>Varajastel t\u00f5usjatel on v\u00f5imalus teha jalutusk\u00e4ik rannal, kus esimesed p\u00e4ikesekiired tungivad l\u00e4bi varahommikuse udu. Peale hommikus\u00f6\u00f6ki ootab teid p\u00e4ev t\u00e4is avastusi Muhu saarel! V\u00f5imalus k\u00fclastada Koguva kalurik\u00fcla ja Muhu muuseumi, veidi eemal asub 13. sajandist p\u00e4rit Muhu maalinn. Aastal 1227 oli see koht, kus viimased Euroopa paganad said l\u00fc\u00fca, murti eestlaste vastupanu saksa ristir\u00fc\u00fctlite vastu ja ristiti paavst Honorius III k\u00e4sul.<br \/>\nGiid n\u00e4itab teile Muhu p\u00f5hjarannikul asuvat \u00dc\u00fcgu panka ning l\u00e4hedasi koopaid. Samuti saate n\u00e4ha 13. sajandist p\u00e4rinevat P\u00fcha Katariina kirikut v\u00f5i metsas\u00fcgavustesse peidetud endist n\u00f5ukogudeaegset tuumarakettide baasi. Enne P\u00e4dastesse naasmist v\u00f5ite veel k\u00fclastada lihtsat ja puutumatut eelajaloolist matmispaika, mis p\u00e4rast selle avastamist 100 aastat tagasi on taas unustusteh\u00f5lma vajunud ning n\u00fc\u00fcdseks teada vaid kohalikele.<br \/>\nMuhu saarel on palju teisigi huvipakkuvaid paiku ja koos giidiga saate teha oma valikud ning muuta marsruuti vastavalt soovile. L\u00f5unas\u00f6\u00f6giks s\u00f5idutame teid tagasi P\u00e4daste M\u00f5isa.&nbsp;<\/td>\n<\/tr>\n<tr>\n<td>P\u00e4ev 3:<\/td>\n<td>Soovi korral v\u00f5ite peale hommikus\u00f6\u00f6ki minna veel omap\u00e4i Muhu saart avastama.<br \/>\nToa palume vabastada keskp\u00e4eval.<\/td>\n<\/tr>\n<tr>\n<td colspan=\"2\">&nbsp;<\/td>\n<\/tr>\n<\/tbody>\n<\/table>\n<p>&nbsp;<\/p>\n<p>&nbsp;<\/p>\n<p>Broneerimiseks v\u00f5tke meiega \u00fchendust emailil&nbsp;<a href=\"mailto:info@padaste.ee\">info@padaste.ee<\/a>&nbsp;v\u00f5i helistage numbril +372 45 48 800<\/p>\n<p>&nbsp;<\/p>\n<p><strong><a href=\"http:\/\/padaste.ee\/et\/paketid\/avasta-muhu\/\">Tagasi<\/a><\/strong><\/p>\n","protected":false},"excerpt":{"rendered":"<p>Hinnastamine &nbsp; &nbsp; K\u00f5rghooaeg Tuba Kahele K\u00f5rghooaeg Tuba \u00dchele Madalhooaeg Tuba Kahele Madalhooaeg Tuba \u00dchele Deluxe Double tuba H\u00e4rrastemajas 1609 \u20ac 1409 \u20ac 1279 \u20ac 979 \u20ac Junior sviit T\u00f5llakuuris 1839 \u20ac 1529 \u20ac 1309 \u20ac 1009 \u20ac Superior Double tuba H\u00e4rrastemajas 1999 \u20ac 1699 \u20ac 1349&nbsp; \u20ac 1039 \u20ac Superior Junior sviit tuba T\u00f5llakuuris [&hellip;]<\/p>\n","protected":false},"author":52,"featured_media":11836,"parent":8961,"menu_order":0,"comment_status":"closed","ping_status":"closed","template":"","meta":{"ngg_post_thumbnail":0,"_links_to":"","_links_to_target":""},"yoast_head":"<!-- This site is optimized with the Yoast SEO plugin v16.1.1 - https:\/\/yoast.com\/wordpress\/plugins\/seo\/ -->\n<title>Paketi Detailid - Avasta Muhu -<\/title>\n<link rel=\"canonical\" href=\"https:\/\/www.xn--pdaste-bua.eu\/et\/paketid\/avasta-muhu\/paketi-detailid-avasta-muhu\/\" \/>\n<meta property=\"og:locale\" content=\"et_EE\" \/>\n<meta property=\"og:type\" content=\"article\" \/>\n<meta property=\"og:title\" content=\"Paketi Detailid - Avasta Muhu -\" \/>\n<meta property=\"og:description\" content=\"Hinnastamine &nbsp; &nbsp; K\u00f5rghooaeg Tuba Kahele K\u00f5rghooaeg Tuba \u00dchele Madalhooaeg Tuba Kahele Madalhooaeg Tuba \u00dchele Deluxe Double tuba H\u00e4rrastemajas 1609 \u20ac 1409 \u20ac 1279 \u20ac 979 \u20ac Junior sviit T\u00f5llakuuris 1839 \u20ac 1529 \u20ac 1309 \u20ac 1009 \u20ac Superior Double tuba H\u00e4rrastemajas 1999 \u20ac 1699 \u20ac 1349&nbsp; \u20ac 1039 \u20ac Superior Junior sviit tuba T\u00f5llakuuris [&hellip;]\" \/>\n<meta property=\"og:url\" content=\"https:\/\/www.xn--pdaste-bua.eu\/et\/paketid\/avasta-muhu\/paketi-detailid-avasta-muhu\/\" \/>\n<meta property=\"article:publisher\" content=\"https:\/\/www.facebook.com\/Padastemanor\/\" \/>\n<meta property=\"article:modified_time\" content=\"2025-10-14T09:42:16+00:00\" \/>\n<meta property=\"og:image\" content=\"https:\/\/www.padaste.ee\/wp-content\/uploads\/2018\/02\/muhu-island-1024x681.jpg\" \/>\n\t<meta property=\"og:image:width\" content=\"1024\" \/>\n\t<meta property=\"og:image:height\" content=\"681\" \/>\n<meta name=\"twitter:card\" content=\"summary_large_image\" \/>\n<meta name=\"twitter:label1\" content=\"Est. reading time\">\n\t<meta name=\"twitter:data1\" content=\"2 minutit\">\n<script type=\"application\/ld+json\" class=\"yoast-schema-graph\">{\"@context\":\"https:\/\/schema.org\",\"@graph\":[{\"@type\":\"Organization\",\"@id\":\"https:\/\/www.padaste.ee\/#organization\",\"name\":\"P\\u00e4daste M\\u00f5is\",\"url\":\"https:\/\/www.padaste.ee\/\",\"sameAs\":[\"https:\/\/www.facebook.com\/Padastemanor\/\"],\"logo\":{\"@type\":\"ImageObject\",\"@id\":\"https:\/\/www.padaste.ee\/#logo\",\"inLanguage\":\"et\",\"url\":\"https:\/\/padaste.ee\/wp-content\/uploads\/2018\/12\/padaste_2011.jpg\",\"contentUrl\":\"https:\/\/padaste.ee\/wp-content\/uploads\/2018\/12\/padaste_2011.jpg\",\"width\":154,\"height\":61,\"caption\":\"P\\u00e4daste M\\u00f5is\"},\"image\":{\"@id\":\"https:\/\/www.padaste.ee\/#logo\"}},{\"@type\":\"WebSite\",\"@id\":\"https:\/\/www.padaste.ee\/#website\",\"url\":\"https:\/\/www.padaste.ee\/\",\"name\":\"\",\"description\":\"\",\"publisher\":{\"@id\":\"https:\/\/www.padaste.ee\/#organization\"},\"potentialAction\":[{\"@type\":\"SearchAction\",\"target\":\"https:\/\/www.padaste.ee\/?s={search_term_string}\",\"query-input\":\"required name=search_term_string\"}],\"inLanguage\":\"et\"},{\"@type\":\"ImageObject\",\"@id\":\"https:\/\/www.xn--pdaste-bua.eu\/et\/paketid\/avasta-muhu\/paketi-detailid-avasta-muhu\/#primaryimage\",\"inLanguage\":\"et\",\"url\":\"https:\/\/www.padaste.ee\/wp-content\/uploads\/2018\/02\/muhu-island.jpg\",\"contentUrl\":\"https:\/\/www.padaste.ee\/wp-content\/uploads\/2018\/02\/muhu-island.jpg\",\"width\":4096,\"height\":2723},{\"@type\":\"WebPage\",\"@id\":\"https:\/\/www.xn--pdaste-bua.eu\/et\/paketid\/avasta-muhu\/paketi-detailid-avasta-muhu\/#webpage\",\"url\":\"https:\/\/www.xn--pdaste-bua.eu\/et\/paketid\/avasta-muhu\/paketi-detailid-avasta-muhu\/\",\"name\":\"Paketi Detailid - Avasta Muhu -\",\"isPartOf\":{\"@id\":\"https:\/\/www.padaste.ee\/#website\"},\"primaryImageOfPage\":{\"@id\":\"https:\/\/www.xn--pdaste-bua.eu\/et\/paketid\/avasta-muhu\/paketi-detailid-avasta-muhu\/#primaryimage\"},\"datePublished\":\"2018-02-28T08:07:25+00:00\",\"dateModified\":\"2025-10-14T09:42:16+00:00\",\"breadcrumb\":{\"@id\":\"https:\/\/www.xn--pdaste-bua.eu\/et\/paketid\/avasta-muhu\/paketi-detailid-avasta-muhu\/#breadcrumb\"},\"inLanguage\":\"et\",\"potentialAction\":[{\"@type\":\"ReadAction\",\"target\":[\"https:\/\/www.xn--pdaste-bua.eu\/et\/paketid\/avasta-muhu\/paketi-detailid-avasta-muhu\/\"]}]},{\"@type\":\"BreadcrumbList\",\"@id\":\"https:\/\/www.xn--pdaste-bua.eu\/et\/paketid\/avasta-muhu\/paketi-detailid-avasta-muhu\/#breadcrumb\",\"itemListElement\":[{\"@type\":\"ListItem\",\"position\":1,\"item\":{\"@type\":\"WebPage\",\"@id\":\"https:\/\/www.padaste.ee\/et\/\",\"url\":\"https:\/\/www.padaste.ee\/et\/\",\"name\":\"Home\"}},{\"@type\":\"ListItem\",\"position\":2,\"item\":{\"@type\":\"WebPage\",\"@id\":\"https:\/\/www.padaste.ee\/et\/paketid\/\",\"url\":\"https:\/\/www.padaste.ee\/et\/paketid\/\",\"name\":\"Paketid\"}},{\"@type\":\"ListItem\",\"position\":3,\"item\":{\"@type\":\"WebPage\",\"@id\":\"https:\/\/xn--pdaste-bua.ee\/et\/paketid\/avasta-muhu\/\",\"url\":\"https:\/\/xn--pdaste-bua.ee\/et\/paketid\/avasta-muhu\/\",\"name\":\"Avasta Muhu\"}},{\"@type\":\"ListItem\",\"position\":4,\"item\":{\"@type\":\"WebPage\",\"@id\":\"https:\/\/www.xn--pdaste-bua.eu\/et\/paketid\/avasta-muhu\/paketi-detailid-avasta-muhu\/\",\"url\":\"https:\/\/www.xn--pdaste-bua.eu\/et\/paketid\/avasta-muhu\/paketi-detailid-avasta-muhu\/\",\"name\":\"Paketi Detailid &#8211; Avasta Muhu\"}}]}]}<\/script>\n<!-- \/ Yoast SEO plugin. -->","_links":{"self":[{"href":"https:\/\/www.padaste.ee\/et\/wp-json\/wp\/v2\/pages\/11948"}],"collection":[{"href":"https:\/\/www.padaste.ee\/et\/wp-json\/wp\/v2\/pages"}],"about":[{"href":"https:\/\/www.padaste.ee\/et\/wp-json\/wp\/v2\/types\/page"}],"author":[{"embeddable":true,"href":"https:\/\/www.padaste.ee\/et\/wp-json\/wp\/v2\/users\/52"}],"replies":[{"embeddable":true,"href":"https:\/\/www.padaste.ee\/et\/wp-json\/wp\/v2\/comments?post=11948"}],"version-history":[{"count":16,"href":"https:\/\/www.padaste.ee\/et\/wp-json\/wp\/v2\/pages\/11948\/revisions"}],"predecessor-version":[{"id":25526,"href":"https:\/\/www.padaste.ee\/et\/wp-json\/wp\/v2\/pages\/11948\/revisions\/25526"}],"up":[{"embeddable":true,"href":"https:\/\/www.padaste.ee\/et\/wp-json\/wp\/v2\/pages\/8961"}],"wp:featuredmedia":[{"embeddable":true,"href":"https:\/\/www.padaste.ee\/et\/wp-json\/wp\/v2\/media\/11836"}],"wp:attachment":[{"href":"https:\/\/www.padaste.ee\/et\/wp-json\/wp\/v2\/media?parent=11948"}],"curies":[{"name":"wp","href":"https:\/\/api.w.org\/{rel}","templated":true}]}}