{"id":11964,"date":"2018-02-28T13:25:10","date_gmt":"2018-02-28T11:25:10","guid":{"rendered":"http:\/\/www.padaste.ee\/?page_id=11964"},"modified":"2025-10-10T09:36:12","modified_gmt":"2025-10-10T09:36:12","slug":"paketi-detailid-golf-padastega","status":"publish","type":"page","link":"https:\/\/www.padaste.ee\/et\/paketid\/golf-padastega\/paketi-detailid-golf-padastega\/","title":{"rendered":"Paketi Detailid &#8211; Golf P\u00e4dastega"},"content":{"rendered":"<p><span style=\"color: #ff0000;\"><strong>Hinnastamine<\/strong><\/span><\/p>\n<p>&nbsp;<\/p>\n<table class=\"arrangement_specification_table\" style=\"width: 100%;\">\n<tbody>\n<tr>\n<td style=\"width: 60.5324%;\">&nbsp;<\/td>\n<td style=\"text-align: center; width: 30.7903%;\"><strong>K\u00f5rghooaeg<br \/>\nTuba Kahele<\/strong><\/td>\n<td style=\"text-align: center; width: 13.1883%;\"><strong>K\u00f5rghooaeg<br \/>\nTuba \u00dchele<\/strong><\/td>\n<td style=\"text-align: center; width: 22.0528%;\"><strong>Madalhooaeg<br \/>\nTuba Kahele<\/strong><\/td>\n<td style=\"text-align: center; width: 96.0039%;\"><strong>Madalhooaeg<br \/>\nTuba \u00dchele<\/strong><\/td>\n<\/tr>\n<tr>\n<td style=\"width: 60.5324%;\"><strong>Deluxe Double tuba H\u00e4rrastemajas<\/strong><\/td>\n<td style=\"text-align: center; width: 30.7903%;\">1409 \u20ac<\/td>\n<td style=\"text-align: center; width: 13.1883%;\">1079 \u20ac<\/td>\n<td style=\"text-align: center; width: 22.0528%;\">979 \u20ac<\/td>\n<td style=\"text-align: center; width: 96.0039%;\">639 \u20ac<\/td>\n<\/tr>\n<tr>\n<td style=\"width: 60.5324%;\"><strong>Junior sviit T\u00f5llakuuris<\/strong><\/td>\n<td style=\"text-align: center; width: 30.7903%;\">1539 \u20ac<\/td>\n<td style=\"text-align: center; width: 13.1883%;\">1199 \u20ac<\/td>\n<td style=\"text-align: center; width: 22.0528%;\">1009 \u20ac<\/td>\n<td style=\"text-align: center; width: 96.0039%;\">679 \u20ac<\/td>\n<\/tr>\n<tr>\n<td style=\"width: 60.5324%;\"><strong>Superior Double tuba H\u00e4rrastemajas<\/strong><\/td>\n<td style=\"text-align: center; width: 30.7903%;\">1699 \u20ac<\/td>\n<td style=\"text-align: center; width: 13.1883%;\">1359 \u20ac<\/td>\n<td style=\"text-align: center; width: 22.0528%;\">1039 \u20ac<\/td>\n<td style=\"text-align: center; width: 96.0039%;\">699 \u20ac&nbsp;<\/td>\n<\/tr>\n<\/tbody>\n<\/table>\n<p>&nbsp;<\/p>\n<p>&nbsp;<\/p>\n<p><span style=\"color: #ff0000;\"><strong>Paketi detailid<\/strong><\/span><\/p>\n<p>&nbsp;<\/p>\n<table>\n<tbody>\n<tr>\n<td colspan=\"2\">&nbsp;<\/td>\n<\/tr>\n<tr>\n<td>P\u00e4ev 1:<\/td>\n<td>Pealel\u00f5unal saabumine P\u00e4daste M\u00f5isa. Kui olete end sisse seadnud, pakume teile tervituseks klaasi vahuveini. \u00d5htul serveerime Alexander restoranis neljak\u00e4igulise \u00f5htus\u00f6\u00f6gi.<\/td>\n<\/tr>\n<tr>\n<td>P\u00e4ev 2:<\/td>\n<td>Varajastel \u00e4rkajatel on v\u00f5imalus teha jalutusk\u00e4ik rannal, kus esimesed p\u00e4ikesekiired tungivad l\u00e4bi varahommikuse udu. Peale hommikus\u00f6\u00f6ki s\u00f5idate Saare Golf golfiv\u00e4ljakule Kuressaare vahetus l\u00e4heduses. Maaliliste maastikuvaadetega s\u00f5it Kuressarde kestab 45-minutit, teie m\u00e4nguaeg ja saabumine on eelnevalt kokku lepitud. Peale m\u00e4ngu saate nautida l\u00f5unaeinet golfiklubis v\u00f5i Kurressaare linnas. \u00d5htus\u00f6\u00f6gi serveerime teile restoranis Alexander.<\/td>\n<\/tr>\n<tr>\n<td>P\u00e4ev 3:<\/td>\n<td>Soovi korral v\u00f5ite peale hommikus\u00f6\u00f6ki minna veel omap\u00e4i Muhu saart avastama. Toa palume vabastada keskp\u00e4eval.<\/td>\n<\/tr>\n<tr>\n<td colspan=\"2\">&nbsp;<\/td>\n<\/tr>\n<\/tbody>\n<\/table>\n<p>&nbsp;<\/p>\n<p>&nbsp;<\/p>\n<p>Broneerimiseks v\u00f5tke meiega \u00fchendust emailil&nbsp;<a href=\"mailto:info@padaste.ee\">info@padaste.ee<\/a>&nbsp;v\u00f5i helistage numbril +372 45 48 800<\/p>\n<p>&nbsp;<\/p>\n<p><strong><a href=\"http:\/\/www.padaste.ee\/et\/paketid\/golf-padastega\/\">Tagasi<\/a><\/strong><\/p>\n","protected":false},"excerpt":{"rendered":"<p>Hinnastamine &nbsp; &nbsp; K\u00f5rghooaeg Tuba Kahele K\u00f5rghooaeg Tuba \u00dchele Madalhooaeg Tuba Kahele Madalhooaeg Tuba \u00dchele Deluxe Double tuba H\u00e4rrastemajas 1409 \u20ac 1079 \u20ac 979 \u20ac 639 \u20ac Junior sviit T\u00f5llakuuris 1539 \u20ac 1199 \u20ac 1009 \u20ac 679 \u20ac Superior Double tuba H\u00e4rrastemajas 1699 \u20ac 1359 \u20ac 1039 \u20ac 699 \u20ac&nbsp; &nbsp; &nbsp; Paketi detailid &nbsp; [&hellip;]<\/p>\n","protected":false},"author":52,"featured_media":11925,"parent":8969,"menu_order":0,"comment_status":"closed","ping_status":"closed","template":"","meta":{"ngg_post_thumbnail":0,"_links_to":"","_links_to_target":""},"yoast_head":"<!-- This site is optimized with the Yoast SEO plugin v16.1.1 - https:\/\/yoast.com\/wordpress\/plugins\/seo\/ -->\n<title>Paketi Detailid - Golf P\u00e4dastega -<\/title>\n<link rel=\"canonical\" href=\"https:\/\/xn--pdaste-bua.eu\/et\/paketid\/golf-padastega\/paketi-detailid-golf-padastega\/\" \/>\n<meta property=\"og:locale\" content=\"et_EE\" \/>\n<meta property=\"og:type\" content=\"article\" \/>\n<meta property=\"og:title\" content=\"Paketi Detailid - Golf P\u00e4dastega -\" \/>\n<meta property=\"og:description\" content=\"Hinnastamine &nbsp; &nbsp; K\u00f5rghooaeg Tuba Kahele K\u00f5rghooaeg Tuba \u00dchele Madalhooaeg Tuba Kahele Madalhooaeg Tuba \u00dchele Deluxe Double tuba H\u00e4rrastemajas 1409 \u20ac 1079 \u20ac 979 \u20ac 639 \u20ac Junior sviit T\u00f5llakuuris 1539 \u20ac 1199 \u20ac 1009 \u20ac 679 \u20ac Superior Double tuba H\u00e4rrastemajas 1699 \u20ac 1359 \u20ac 1039 \u20ac 699 \u20ac&nbsp; &nbsp; &nbsp; Paketi detailid &nbsp; [&hellip;]\" \/>\n<meta property=\"og:url\" content=\"https:\/\/xn--pdaste-bua.eu\/et\/paketid\/golf-padastega\/paketi-detailid-golf-padastega\/\" \/>\n<meta property=\"article:publisher\" content=\"https:\/\/www.facebook.com\/Padastemanor\/\" \/>\n<meta property=\"article:modified_time\" content=\"2025-10-10T09:36:12+00:00\" \/>\n<meta property=\"og:image\" content=\"https:\/\/www.padaste.ee\/wp-content\/uploads\/2018\/02\/course4_large.jpg\" \/>\n\t<meta property=\"og:image:width\" content=\"1024\" \/>\n\t<meta property=\"og:image:height\" content=\"768\" \/>\n<meta name=\"twitter:card\" content=\"summary_large_image\" \/>\n<meta name=\"twitter:label1\" content=\"Est. reading time\">\n\t<meta name=\"twitter:data1\" content=\"1 minut\">\n<script type=\"application\/ld+json\" class=\"yoast-schema-graph\">{\"@context\":\"https:\/\/schema.org\",\"@graph\":[{\"@type\":\"Organization\",\"@id\":\"https:\/\/www.padaste.ee\/#organization\",\"name\":\"P\\u00e4daste M\\u00f5is\",\"url\":\"https:\/\/www.padaste.ee\/\",\"sameAs\":[\"https:\/\/www.facebook.com\/Padastemanor\/\"],\"logo\":{\"@type\":\"ImageObject\",\"@id\":\"https:\/\/www.padaste.ee\/#logo\",\"inLanguage\":\"et\",\"url\":\"https:\/\/padaste.ee\/wp-content\/uploads\/2018\/12\/padaste_2011.jpg\",\"contentUrl\":\"https:\/\/padaste.ee\/wp-content\/uploads\/2018\/12\/padaste_2011.jpg\",\"width\":154,\"height\":61,\"caption\":\"P\\u00e4daste M\\u00f5is\"},\"image\":{\"@id\":\"https:\/\/www.padaste.ee\/#logo\"}},{\"@type\":\"WebSite\",\"@id\":\"https:\/\/www.padaste.ee\/#website\",\"url\":\"https:\/\/www.padaste.ee\/\",\"name\":\"\",\"description\":\"\",\"publisher\":{\"@id\":\"https:\/\/www.padaste.ee\/#organization\"},\"potentialAction\":[{\"@type\":\"SearchAction\",\"target\":\"https:\/\/www.padaste.ee\/?s={search_term_string}\",\"query-input\":\"required name=search_term_string\"}],\"inLanguage\":\"et\"},{\"@type\":\"ImageObject\",\"@id\":\"https:\/\/xn--pdaste-bua.eu\/et\/paketid\/golf-padastega\/paketi-detailid-golf-padastega\/#primaryimage\",\"inLanguage\":\"et\",\"url\":\"https:\/\/www.padaste.ee\/wp-content\/uploads\/2018\/02\/course4_large.jpg\",\"contentUrl\":\"https:\/\/www.padaste.ee\/wp-content\/uploads\/2018\/02\/course4_large.jpg\",\"width\":1024,\"height\":768},{\"@type\":\"WebPage\",\"@id\":\"https:\/\/xn--pdaste-bua.eu\/et\/paketid\/golf-padastega\/paketi-detailid-golf-padastega\/#webpage\",\"url\":\"https:\/\/xn--pdaste-bua.eu\/et\/paketid\/golf-padastega\/paketi-detailid-golf-padastega\/\",\"name\":\"Paketi Detailid - Golf P\\u00e4dastega -\",\"isPartOf\":{\"@id\":\"https:\/\/www.padaste.ee\/#website\"},\"primaryImageOfPage\":{\"@id\":\"https:\/\/xn--pdaste-bua.eu\/et\/paketid\/golf-padastega\/paketi-detailid-golf-padastega\/#primaryimage\"},\"datePublished\":\"2018-02-28T11:25:10+00:00\",\"dateModified\":\"2025-10-10T09:36:12+00:00\",\"breadcrumb\":{\"@id\":\"https:\/\/xn--pdaste-bua.eu\/et\/paketid\/golf-padastega\/paketi-detailid-golf-padastega\/#breadcrumb\"},\"inLanguage\":\"et\",\"potentialAction\":[{\"@type\":\"ReadAction\",\"target\":[\"https:\/\/xn--pdaste-bua.eu\/et\/paketid\/golf-padastega\/paketi-detailid-golf-padastega\/\"]}]},{\"@type\":\"BreadcrumbList\",\"@id\":\"https:\/\/xn--pdaste-bua.eu\/et\/paketid\/golf-padastega\/paketi-detailid-golf-padastega\/#breadcrumb\",\"itemListElement\":[{\"@type\":\"ListItem\",\"position\":1,\"item\":{\"@type\":\"WebPage\",\"@id\":\"https:\/\/www.padaste.ee\/et\/\",\"url\":\"https:\/\/www.padaste.ee\/et\/\",\"name\":\"Home\"}},{\"@type\":\"ListItem\",\"position\":2,\"item\":{\"@type\":\"WebPage\",\"@id\":\"https:\/\/www.padaste.ee\/et\/paketid\/\",\"url\":\"https:\/\/www.padaste.ee\/et\/paketid\/\",\"name\":\"Paketid\"}},{\"@type\":\"ListItem\",\"position\":3,\"item\":{\"@type\":\"WebPage\",\"@id\":\"https:\/\/xn--pdaste-bua.ee\/et\/paketid\/golf-padastega\/\",\"url\":\"https:\/\/xn--pdaste-bua.ee\/et\/paketid\/golf-padastega\/\",\"name\":\"Golf P\\u00e4dastega\"}},{\"@type\":\"ListItem\",\"position\":4,\"item\":{\"@type\":\"WebPage\",\"@id\":\"https:\/\/xn--pdaste-bua.eu\/et\/paketid\/golf-padastega\/paketi-detailid-golf-padastega\/\",\"url\":\"https:\/\/xn--pdaste-bua.eu\/et\/paketid\/golf-padastega\/paketi-detailid-golf-padastega\/\",\"name\":\"Paketi Detailid &#8211; Golf P\\u00e4dastega\"}}]}]}<\/script>\n<!-- \/ Yoast SEO plugin. -->","_links":{"self":[{"href":"https:\/\/www.padaste.ee\/et\/wp-json\/wp\/v2\/pages\/11964"}],"collection":[{"href":"https:\/\/www.padaste.ee\/et\/wp-json\/wp\/v2\/pages"}],"about":[{"href":"https:\/\/www.padaste.ee\/et\/wp-json\/wp\/v2\/types\/page"}],"author":[{"embeddable":true,"href":"https:\/\/www.padaste.ee\/et\/wp-json\/wp\/v2\/users\/52"}],"replies":[{"embeddable":true,"href":"https:\/\/www.padaste.ee\/et\/wp-json\/wp\/v2\/comments?post=11964"}],"version-history":[{"count":19,"href":"https:\/\/www.padaste.ee\/et\/wp-json\/wp\/v2\/pages\/11964\/revisions"}],"predecessor-version":[{"id":25479,"href":"https:\/\/www.padaste.ee\/et\/wp-json\/wp\/v2\/pages\/11964\/revisions\/25479"}],"up":[{"embeddable":true,"href":"https:\/\/www.padaste.ee\/et\/wp-json\/wp\/v2\/pages\/8969"}],"wp:featuredmedia":[{"embeddable":true,"href":"https:\/\/www.padaste.ee\/et\/wp-json\/wp\/v2\/media\/11925"}],"wp:attachment":[{"href":"https:\/\/www.padaste.ee\/et\/wp-json\/wp\/v2\/media?parent=11964"}],"curies":[{"name":"wp","href":"https:\/\/api.w.org\/{rel}","templated":true}]}}