{"id":11970,"date":"2018-02-28T13:39:11","date_gmt":"2018-02-28T11:39:11","guid":{"rendered":"http:\/\/www.padaste.ee\/?page_id=11970"},"modified":"2025-10-14T09:52:55","modified_gmt":"2025-10-14T09:52:55","slug":"eripakkumise-detailid-romantiline-pogenemine","status":"publish","type":"page","link":"https:\/\/www.padaste.ee\/et\/eripakkumised\/romantiline-pogenemine\/eripakkumise-detailid-romantiline-pogenemine\/","title":{"rendered":"Eripakkumise Detailid &#8211; Romantiline P\u00f5genemine"},"content":{"rendered":"<p><span style=\"color: #ff0000;\"><strong>Hinnastamine<\/strong><\/span><\/p>\n<p>&nbsp;<\/p>\n<table class=\"arrangement_specification_table\" style=\"width: 100%;\">\n<tbody>\n<tr>\n<td style=\"width: 39.6482%;\">&nbsp;<\/td>\n<td style=\"text-align: center; width: 14.0315%;\"><strong>K\u00f5rghooaeg<br \/>\nTuba Kahele<\/strong><\/td>\n<td style=\"text-align: center; width: 11.2957%;\"><strong>K\u00f5rghooaeg<br \/>\nTuba \u00dchele<\/strong><\/td>\n<td style=\"text-align: center; width: 14.1857%;\"><strong>Madalhooaeg<br \/>\nTuba Kahele<\/strong><\/td>\n<td style=\"text-align: center; width: 19.2152%;\"><strong>Madalhooaeg<br \/>\nTuba \u00dchele<\/strong><\/td>\n<\/tr>\n<tr>\n<td style=\"width: 39.6482%;\"><strong>Deluxe Double tuba H\u00e4rrastemajas<\/strong><\/td>\n<td style=\"text-align: center; width: 14.0315%;\">1909 \u20ac<\/td>\n<td style=\"text-align: center; width: 11.2957%;\">1529 \u20ac<\/td>\n<td style=\"text-align: center; width: 14.1857%;\">1479 \u20ac<\/td>\n<td style=\"text-align: center; width: 19.2152%;\">1099 \u20ac<\/td>\n<\/tr>\n<tr>\n<td style=\"width: 39.6482%;\"><strong>Junior sviit T\u00f5llakuuris<\/strong><\/td>\n<td style=\"text-align: center; width: 14.0315%;\">2039 \u20ac<\/td>\n<td style=\"text-align: center; width: 11.2957%;\">1659 \u20ac<\/td>\n<td style=\"text-align: center; width: 14.1857%;\">1509 \u20ac<\/td>\n<td style=\"text-align: center; width: 19.2152%;\">1129 \u20ac<\/td>\n<\/tr>\n<tr>\n<td style=\"width: 39.6482%;\"><strong>Superior Double tuba H\u00e4rrastemajas<\/strong><\/td>\n<td style=\"text-align: center; width: 14.0315%;\">2199 \u20ac<\/td>\n<td style=\"text-align: center; width: 11.2957%;\">1819 \u20ac<\/td>\n<td style=\"text-align: center; width: 14.1857%;\">1549 \u20ac<\/td>\n<td style=\"text-align: center; width: 19.2152%;\">1169 \u20ac<\/td>\n<\/tr>\n<tr>\n<td style=\"width: 39.6482%;\"><strong>Grand sviit H\u00e4rrastemajas<\/strong><\/td>\n<td style=\"text-align: center; width: 14.0315%;\">3079 \u20ac<\/td>\n<td style=\"text-align: center; width: 11.2957%;\">2699 \u20ac<\/td>\n<td style=\"text-align: center; width: 14.1857%;\">1929 \u20ac<\/td>\n<td style=\"text-align: center; width: 19.2152%;\">1549 \u20ac<\/td>\n<\/tr>\n<\/tbody>\n<\/table>\n<p>&nbsp;<\/p>\n<p>&nbsp;<\/p>\n<p>Pakkumine ei kehti koos teiste eripakkumistega v\u00f5i gruppidele.<\/p>\n<p>&nbsp;<\/p>\n<p>Lisak\u00fcsimuste korral ja broneerimiseks v\u00f5tke meiega \u00fchendust emailil <a href=\"mailto:info@padaste.ee\">info@padaste.ee<\/a>&nbsp;v\u00f5i helistage numbril +372 45 48 800<\/p>\n<p>&nbsp;<\/p>\n<p><strong><a href=\"http:\/\/www.padaste.ee\/et\/eripakkumised\/romantiline-pogenemine\/\">Tagasi<\/a><\/strong><\/p>\n","protected":false},"excerpt":{"rendered":"<p>Hinnastamine &nbsp; &nbsp; K\u00f5rghooaeg Tuba Kahele K\u00f5rghooaeg Tuba \u00dchele Madalhooaeg Tuba Kahele Madalhooaeg Tuba \u00dchele Deluxe Double tuba H\u00e4rrastemajas 1909 \u20ac 1529 \u20ac 1479 \u20ac 1099 \u20ac Junior sviit T\u00f5llakuuris 2039 \u20ac 1659 \u20ac 1509 \u20ac 1129 \u20ac Superior Double tuba H\u00e4rrastemajas 2199 \u20ac 1819 \u20ac 1549 \u20ac 1169 \u20ac Grand sviit H\u00e4rrastemajas 3079 \u20ac [&hellip;]<\/p>\n","protected":false},"author":52,"featured_media":11901,"parent":8965,"menu_order":0,"comment_status":"closed","ping_status":"closed","template":"","meta":{"ngg_post_thumbnail":0,"_links_to":"","_links_to_target":""},"yoast_head":"<!-- This site is optimized with the Yoast SEO plugin v16.1.1 - https:\/\/yoast.com\/wordpress\/plugins\/seo\/ -->\n<title>Eripakkumise Detailid - Romantiline P\u00f5genemine -<\/title>\n<link rel=\"canonical\" href=\"https:\/\/www.padaste.ee\/et\/eripakkumised\/romantiline-pogenemine\/eripakkumise-detailid-romantiline-pogenemine\/\" \/>\n<meta property=\"og:locale\" content=\"et_EE\" \/>\n<meta property=\"og:type\" content=\"article\" \/>\n<meta property=\"og:title\" content=\"Eripakkumise Detailid - Romantiline P\u00f5genemine -\" \/>\n<meta property=\"og:description\" content=\"Hinnastamine &nbsp; &nbsp; K\u00f5rghooaeg Tuba Kahele K\u00f5rghooaeg Tuba \u00dchele Madalhooaeg Tuba Kahele Madalhooaeg Tuba \u00dchele Deluxe Double tuba H\u00e4rrastemajas 1909 \u20ac 1529 \u20ac 1479 \u20ac 1099 \u20ac Junior sviit T\u00f5llakuuris 2039 \u20ac 1659 \u20ac 1509 \u20ac 1129 \u20ac Superior Double tuba H\u00e4rrastemajas 2199 \u20ac 1819 \u20ac 1549 \u20ac 1169 \u20ac Grand sviit H\u00e4rrastemajas 3079 \u20ac [&hellip;]\" \/>\n<meta property=\"og:url\" content=\"https:\/\/www.padaste.ee\/et\/eripakkumised\/romantiline-pogenemine\/eripakkumise-detailid-romantiline-pogenemine\/\" \/>\n<meta property=\"article:publisher\" content=\"https:\/\/www.facebook.com\/Padastemanor\/\" \/>\n<meta property=\"article:modified_time\" content=\"2025-10-14T09:52:55+00:00\" \/>\n<meta property=\"og:image\" content=\"https:\/\/www.padaste.ee\/wp-content\/uploads\/2018\/02\/5961006521-1-1-1024x684.jpg\" \/>\n\t<meta property=\"og:image:width\" content=\"1024\" \/>\n\t<meta property=\"og:image:height\" content=\"684\" \/>\n<meta name=\"twitter:card\" content=\"summary_large_image\" \/>\n<meta name=\"twitter:label1\" content=\"Est. reading time\">\n\t<meta name=\"twitter:data1\" content=\"1 minut\">\n<script type=\"application\/ld+json\" class=\"yoast-schema-graph\">{\"@context\":\"https:\/\/schema.org\",\"@graph\":[{\"@type\":\"Organization\",\"@id\":\"https:\/\/xn--pdaste-bua.ee\/et\/#organization\",\"name\":\"P\\u00e4daste M\\u00f5is\",\"url\":\"https:\/\/xn--pdaste-bua.ee\/et\/\",\"sameAs\":[\"https:\/\/www.facebook.com\/Padastemanor\/\"],\"logo\":{\"@type\":\"ImageObject\",\"@id\":\"https:\/\/xn--pdaste-bua.ee\/et\/#logo\",\"inLanguage\":\"et\",\"url\":\"https:\/\/padaste.ee\/wp-content\/uploads\/2018\/12\/padaste_2011.jpg\",\"contentUrl\":\"https:\/\/padaste.ee\/wp-content\/uploads\/2018\/12\/padaste_2011.jpg\",\"width\":154,\"height\":61,\"caption\":\"P\\u00e4daste M\\u00f5is\"},\"image\":{\"@id\":\"https:\/\/xn--pdaste-bua.ee\/et\/#logo\"}},{\"@type\":\"WebSite\",\"@id\":\"https:\/\/xn--pdaste-bua.ee\/et\/#website\",\"url\":\"https:\/\/xn--pdaste-bua.ee\/et\/\",\"name\":\"\",\"description\":\"\",\"publisher\":{\"@id\":\"https:\/\/xn--pdaste-bua.ee\/et\/#organization\"},\"potentialAction\":[{\"@type\":\"SearchAction\",\"target\":\"https:\/\/xn--pdaste-bua.ee\/et\/?s={search_term_string}\",\"query-input\":\"required name=search_term_string\"}],\"inLanguage\":\"et\"},{\"@type\":\"ImageObject\",\"@id\":\"https:\/\/www.padaste.ee\/et\/eripakkumised\/romantiline-pogenemine\/eripakkumise-detailid-romantiline-pogenemine\/#primaryimage\",\"inLanguage\":\"et\",\"url\":\"https:\/\/www.padaste.ee\/wp-content\/uploads\/2018\/02\/5961006521-1-1.jpg\",\"contentUrl\":\"https:\/\/www.padaste.ee\/wp-content\/uploads\/2018\/02\/5961006521-1-1.jpg\",\"width\":3364,\"height\":2248},{\"@type\":\"WebPage\",\"@id\":\"https:\/\/www.padaste.ee\/et\/eripakkumised\/romantiline-pogenemine\/eripakkumise-detailid-romantiline-pogenemine\/#webpage\",\"url\":\"https:\/\/www.padaste.ee\/et\/eripakkumised\/romantiline-pogenemine\/eripakkumise-detailid-romantiline-pogenemine\/\",\"name\":\"Eripakkumise Detailid - Romantiline P\\u00f5genemine -\",\"isPartOf\":{\"@id\":\"https:\/\/xn--pdaste-bua.ee\/et\/#website\"},\"primaryImageOfPage\":{\"@id\":\"https:\/\/www.padaste.ee\/et\/eripakkumised\/romantiline-pogenemine\/eripakkumise-detailid-romantiline-pogenemine\/#primaryimage\"},\"datePublished\":\"2018-02-28T11:39:11+00:00\",\"dateModified\":\"2025-10-14T09:52:55+00:00\",\"breadcrumb\":{\"@id\":\"https:\/\/www.padaste.ee\/et\/eripakkumised\/romantiline-pogenemine\/eripakkumise-detailid-romantiline-pogenemine\/#breadcrumb\"},\"inLanguage\":\"et\",\"potentialAction\":[{\"@type\":\"ReadAction\",\"target\":[\"https:\/\/www.padaste.ee\/et\/eripakkumised\/romantiline-pogenemine\/eripakkumise-detailid-romantiline-pogenemine\/\"]}]},{\"@type\":\"BreadcrumbList\",\"@id\":\"https:\/\/www.padaste.ee\/et\/eripakkumised\/romantiline-pogenemine\/eripakkumise-detailid-romantiline-pogenemine\/#breadcrumb\",\"itemListElement\":[{\"@type\":\"ListItem\",\"position\":1,\"item\":{\"@type\":\"WebPage\",\"@id\":\"https:\/\/xn--pdaste-bua.ee\/et\/\",\"url\":\"https:\/\/xn--pdaste-bua.ee\/et\/\",\"name\":\"Home\"}},{\"@type\":\"ListItem\",\"position\":2,\"item\":{\"@type\":\"WebPage\",\"@id\":\"https:\/\/www.padaste.ee\/et\/eripakkumised\/\",\"url\":\"https:\/\/www.padaste.ee\/et\/eripakkumised\/\",\"name\":\"Eripakkumised\"}},{\"@type\":\"ListItem\",\"position\":3,\"item\":{\"@type\":\"WebPage\",\"@id\":\"https:\/\/www.padaste.ee\/et\/eripakkumised\/romantiline-pogenemine\/\",\"url\":\"https:\/\/www.padaste.ee\/et\/eripakkumised\/romantiline-pogenemine\/\",\"name\":\"Romantiline P\\u00f5genemine\"}},{\"@type\":\"ListItem\",\"position\":4,\"item\":{\"@type\":\"WebPage\",\"@id\":\"https:\/\/www.padaste.ee\/et\/eripakkumised\/romantiline-pogenemine\/eripakkumise-detailid-romantiline-pogenemine\/\",\"url\":\"https:\/\/www.padaste.ee\/et\/eripakkumised\/romantiline-pogenemine\/eripakkumise-detailid-romantiline-pogenemine\/\",\"name\":\"Eripakkumise Detailid &#8211; Romantiline P\\u00f5genemine\"}}]}]}<\/script>\n<!-- \/ Yoast SEO plugin. -->","_links":{"self":[{"href":"https:\/\/www.padaste.ee\/et\/wp-json\/wp\/v2\/pages\/11970"}],"collection":[{"href":"https:\/\/www.padaste.ee\/et\/wp-json\/wp\/v2\/pages"}],"about":[{"href":"https:\/\/www.padaste.ee\/et\/wp-json\/wp\/v2\/types\/page"}],"author":[{"embeddable":true,"href":"https:\/\/www.padaste.ee\/et\/wp-json\/wp\/v2\/users\/52"}],"replies":[{"embeddable":true,"href":"https:\/\/www.padaste.ee\/et\/wp-json\/wp\/v2\/comments?post=11970"}],"version-history":[{"count":22,"href":"https:\/\/www.padaste.ee\/et\/wp-json\/wp\/v2\/pages\/11970\/revisions"}],"predecessor-version":[{"id":25533,"href":"https:\/\/www.padaste.ee\/et\/wp-json\/wp\/v2\/pages\/11970\/revisions\/25533"}],"up":[{"embeddable":true,"href":"https:\/\/www.padaste.ee\/et\/wp-json\/wp\/v2\/pages\/8965"}],"wp:featuredmedia":[{"embeddable":true,"href":"https:\/\/www.padaste.ee\/et\/wp-json\/wp\/v2\/media\/11901"}],"wp:attachment":[{"href":"https:\/\/www.padaste.ee\/et\/wp-json\/wp\/v2\/media?parent=11970"}],"curies":[{"name":"wp","href":"https:\/\/api.w.org\/{rel}","templated":true}]}}