{"id":11982,"date":"2018-02-28T14:43:22","date_gmt":"2018-02-28T12:43:22","guid":{"rendered":"http:\/\/www.padaste.ee\/?page_id=11982"},"modified":"2025-10-14T09:13:18","modified_gmt":"2025-10-14T09:13:18","slug":"hooli-endast","status":"publish","type":"page","link":"https:\/\/www.padaste.ee\/et\/eripakkumised\/hooli-endast\/","title":{"rendered":"Hooli Endast"},"content":{"rendered":"<h1><a href=\"http:\/\/www.padaste.ee\/wp-content\/uploads\/2018\/02\/5960533257.jpg\"><img loading=\"lazy\" class=\"alignright wp-image-11918 size-medium\" src=\"http:\/\/www.padaste.ee\/wp-content\/uploads\/2018\/02\/5960533257-300x207.jpg\" alt=\"\" width=\"300\" height=\"207\" srcset=\"https:\/\/www.padaste.ee\/wp-content\/uploads\/2018\/02\/5960533257-300x207.jpg 300w, https:\/\/www.padaste.ee\/wp-content\/uploads\/2018\/02\/5960533257-768x529.jpg 768w, https:\/\/www.padaste.ee\/wp-content\/uploads\/2018\/02\/5960533257-1024x705.jpg 1024w, https:\/\/www.padaste.ee\/wp-content\/uploads\/2018\/02\/5960533257-24x17.jpg 24w, https:\/\/www.padaste.ee\/wp-content\/uploads\/2018\/02\/5960533257-36x25.jpg 36w, https:\/\/www.padaste.ee\/wp-content\/uploads\/2018\/02\/5960533257-48x33.jpg 48w\" sizes=\"(max-width: 300px) 100vw, 300px\" \/><\/a><\/h1>\n<h1><span style=\"font-size: 22px; color: #ff0000;\">HOOLI ENDAST, 2 \u00f6\u00f6d<\/span><\/h1>\n<p>&nbsp;<\/p>\n<p>&nbsp;<\/p>\n<p><strong>Eripakkumises sisaldub:<\/strong><\/p>\n<p>&nbsp;<\/p>\n<ul>\n<li>2 \u00f6\u00f6d majutust P\u00e4daste M\u00f5isas<\/li>\n<li><span class=\"e2ma-style\">Rikkalik <em>\u00e0 la carte<\/em> hommikus\u00f6\u00f6k restorani Alexander talveaias<\/span><\/li>\n<li>Tervituseks klaas vahuveini<\/li>\n<li>Valik P\u00e4daste Gourmet h\u00f5rgutisi ootamas teie toas<\/li>\n<li>2 neljak\u00e4igulist <em>Table d&#8217;H\u00f4te<\/em> \u00f5htus\u00f6\u00f6ki restoranis Alexander<\/li>\n<li>Kahek\u00e4iguline <em>Table d&#8217;H\u00f4te<\/em> l\u00f5unas\u00f6\u00f6k<\/li>\n<li>Avatud valikuga P\u00e4daste Spa voucher 100 \u20ac v\u00e4\u00e4rtuses k\u00fclalise kohta, vali ise meelep\u00e4rased hoolitsused<\/li>\n<li>\u201cT\u00f5use ja s\u00e4ra\u201d hommikuv\u00f5imlemine iga p\u00e4ev kell 09:00 \u2013 joogal p\u00f5hinev virgutus ja venitused parima p\u00e4eva alustamiseks!<\/li>\n<\/ul>\n<p>&nbsp;<\/p>\n<p><strong>Hind alates 689 \u20ac<\/strong><\/p>\n<p>&nbsp;<\/p>\n<p><a href=\"http:\/\/www.padaste.ee\/et\/eripakkumised\/hooli-endast\/eripakkumise-detailid-hooli-endast\/\">Eripakkumise detailid ja hinnad<\/a><\/p>\n<p>&nbsp;<\/p>\n<p>Broneerimiseks v\u00f5tke meiega \u00fchendust emailil&nbsp;<a href=\"mailto:info@padaste.ee\">info@padaste.ee<\/a>&nbsp;v\u00f5i helistage numbril +372 45 48 800<\/p>\n","protected":false},"excerpt":{"rendered":"<p>HOOLI ENDAST, 2 \u00f6\u00f6d &nbsp; &nbsp; Eripakkumises sisaldub: &nbsp; 2 \u00f6\u00f6d majutust P\u00e4daste M\u00f5isas Rikkalik \u00e0 la carte hommikus\u00f6\u00f6k restorani Alexander talveaias Tervituseks klaas vahuveini Valik P\u00e4daste Gourmet h\u00f5rgutisi ootamas teie toas 2 neljak\u00e4igulist Table d&#8217;H\u00f4te \u00f5htus\u00f6\u00f6ki restoranis Alexander Kahek\u00e4iguline Table d&#8217;H\u00f4te l\u00f5unas\u00f6\u00f6k Avatud valikuga P\u00e4daste Spa voucher 100 \u20ac v\u00e4\u00e4rtuses k\u00fclalise kohta, vali ise [&hellip;]<\/p>\n","protected":false},"author":52,"featured_media":11918,"parent":8975,"menu_order":0,"comment_status":"closed","ping_status":"closed","template":"","meta":{"ngg_post_thumbnail":0,"_links_to":"","_links_to_target":""},"yoast_head":"<!-- This site is optimized with the Yoast SEO plugin v16.1.1 - https:\/\/yoast.com\/wordpress\/plugins\/seo\/ -->\n<title>Hooli Endast -<\/title>\n<link rel=\"canonical\" href=\"https:\/\/xn--pdaste-bua.ee\/et\/eripakkumised\/hooli-endast\/\" \/>\n<meta property=\"og:locale\" content=\"et_EE\" \/>\n<meta property=\"og:type\" content=\"article\" \/>\n<meta property=\"og:title\" content=\"Hooli Endast -\" \/>\n<meta property=\"og:description\" content=\"HOOLI ENDAST, 2 \u00f6\u00f6d &nbsp; &nbsp; Eripakkumises sisaldub: &nbsp; 2 \u00f6\u00f6d majutust P\u00e4daste M\u00f5isas Rikkalik \u00e0 la carte hommikus\u00f6\u00f6k restorani Alexander talveaias Tervituseks klaas vahuveini Valik P\u00e4daste Gourmet h\u00f5rgutisi ootamas teie toas 2 neljak\u00e4igulist Table d&#8217;H\u00f4te \u00f5htus\u00f6\u00f6ki restoranis Alexander Kahek\u00e4iguline Table d&#8217;H\u00f4te l\u00f5unas\u00f6\u00f6k Avatud valikuga P\u00e4daste Spa voucher 100 \u20ac v\u00e4\u00e4rtuses k\u00fclalise kohta, vali ise [&hellip;]\" \/>\n<meta property=\"og:url\" content=\"https:\/\/xn--pdaste-bua.ee\/et\/eripakkumised\/hooli-endast\/\" \/>\n<meta property=\"article:publisher\" content=\"https:\/\/www.facebook.com\/Padastemanor\/\" \/>\n<meta property=\"article:modified_time\" content=\"2025-10-14T09:13:18+00:00\" \/>\n<meta property=\"og:image\" content=\"https:\/\/www.padaste.ee\/wp-content\/uploads\/2018\/02\/5960533257-1024x705.jpg\" \/>\n\t<meta property=\"og:image:width\" content=\"1024\" \/>\n\t<meta property=\"og:image:height\" content=\"705\" \/>\n<meta name=\"twitter:card\" content=\"summary_large_image\" \/>\n<meta name=\"twitter:label1\" content=\"Est. reading time\">\n\t<meta name=\"twitter:data1\" content=\"1 minut\">\n<script type=\"application\/ld+json\" class=\"yoast-schema-graph\">{\"@context\":\"https:\/\/schema.org\",\"@graph\":[{\"@type\":\"Organization\",\"@id\":\"https:\/\/padaste.ee\/#organization\",\"name\":\"P\\u00e4daste M\\u00f5is\",\"url\":\"https:\/\/padaste.ee\/\",\"sameAs\":[\"https:\/\/www.facebook.com\/Padastemanor\/\"],\"logo\":{\"@type\":\"ImageObject\",\"@id\":\"https:\/\/padaste.ee\/#logo\",\"inLanguage\":\"et\",\"url\":\"https:\/\/padaste.ee\/wp-content\/uploads\/2018\/12\/padaste_2011.jpg\",\"contentUrl\":\"https:\/\/padaste.ee\/wp-content\/uploads\/2018\/12\/padaste_2011.jpg\",\"width\":154,\"height\":61,\"caption\":\"P\\u00e4daste M\\u00f5is\"},\"image\":{\"@id\":\"https:\/\/padaste.ee\/#logo\"}},{\"@type\":\"WebSite\",\"@id\":\"https:\/\/padaste.ee\/#website\",\"url\":\"https:\/\/padaste.ee\/\",\"name\":\"\",\"description\":\"\",\"publisher\":{\"@id\":\"https:\/\/padaste.ee\/#organization\"},\"potentialAction\":[{\"@type\":\"SearchAction\",\"target\":\"https:\/\/padaste.ee\/?s={search_term_string}\",\"query-input\":\"required name=search_term_string\"}],\"inLanguage\":\"et\"},{\"@type\":\"ImageObject\",\"@id\":\"https:\/\/xn--pdaste-bua.ee\/et\/eripakkumised\/hooli-endast\/#primaryimage\",\"inLanguage\":\"et\",\"url\":\"https:\/\/www.padaste.ee\/wp-content\/uploads\/2018\/02\/5960533257.jpg\",\"contentUrl\":\"https:\/\/www.padaste.ee\/wp-content\/uploads\/2018\/02\/5960533257.jpg\",\"width\":3800,\"height\":2617},{\"@type\":\"WebPage\",\"@id\":\"https:\/\/xn--pdaste-bua.ee\/et\/eripakkumised\/hooli-endast\/#webpage\",\"url\":\"https:\/\/xn--pdaste-bua.ee\/et\/eripakkumised\/hooli-endast\/\",\"name\":\"Hooli Endast -\",\"isPartOf\":{\"@id\":\"https:\/\/padaste.ee\/#website\"},\"primaryImageOfPage\":{\"@id\":\"https:\/\/xn--pdaste-bua.ee\/et\/eripakkumised\/hooli-endast\/#primaryimage\"},\"datePublished\":\"2018-02-28T12:43:22+00:00\",\"dateModified\":\"2025-10-14T09:13:18+00:00\",\"breadcrumb\":{\"@id\":\"https:\/\/xn--pdaste-bua.ee\/et\/eripakkumised\/hooli-endast\/#breadcrumb\"},\"inLanguage\":\"et\",\"potentialAction\":[{\"@type\":\"ReadAction\",\"target\":[\"https:\/\/xn--pdaste-bua.ee\/et\/eripakkumised\/hooli-endast\/\"]}]},{\"@type\":\"BreadcrumbList\",\"@id\":\"https:\/\/xn--pdaste-bua.ee\/et\/eripakkumised\/hooli-endast\/#breadcrumb\",\"itemListElement\":[{\"@type\":\"ListItem\",\"position\":1,\"item\":{\"@type\":\"WebPage\",\"@id\":\"https:\/\/xn--pdaste-bua.eu\/et\/\",\"url\":\"https:\/\/xn--pdaste-bua.eu\/et\/\",\"name\":\"Home\"}},{\"@type\":\"ListItem\",\"position\":2,\"item\":{\"@type\":\"WebPage\",\"@id\":\"https:\/\/padaste.ee\/et\/eripakkumised\/\",\"url\":\"https:\/\/padaste.ee\/et\/eripakkumised\/\",\"name\":\"Eripakkumised\"}},{\"@type\":\"ListItem\",\"position\":3,\"item\":{\"@type\":\"WebPage\",\"@id\":\"https:\/\/xn--pdaste-bua.ee\/et\/eripakkumised\/hooli-endast\/\",\"url\":\"https:\/\/xn--pdaste-bua.ee\/et\/eripakkumised\/hooli-endast\/\",\"name\":\"Hooli Endast\"}}]}]}<\/script>\n<!-- \/ Yoast SEO plugin. -->","_links":{"self":[{"href":"https:\/\/www.padaste.ee\/et\/wp-json\/wp\/v2\/pages\/11982"}],"collection":[{"href":"https:\/\/www.padaste.ee\/et\/wp-json\/wp\/v2\/pages"}],"about":[{"href":"https:\/\/www.padaste.ee\/et\/wp-json\/wp\/v2\/types\/page"}],"author":[{"embeddable":true,"href":"https:\/\/www.padaste.ee\/et\/wp-json\/wp\/v2\/users\/52"}],"replies":[{"embeddable":true,"href":"https:\/\/www.padaste.ee\/et\/wp-json\/wp\/v2\/comments?post=11982"}],"version-history":[{"count":16,"href":"https:\/\/www.padaste.ee\/et\/wp-json\/wp\/v2\/pages\/11982\/revisions"}],"predecessor-version":[{"id":25517,"href":"https:\/\/www.padaste.ee\/et\/wp-json\/wp\/v2\/pages\/11982\/revisions\/25517"}],"up":[{"embeddable":true,"href":"https:\/\/www.padaste.ee\/et\/wp-json\/wp\/v2\/pages\/8975"}],"wp:featuredmedia":[{"embeddable":true,"href":"https:\/\/www.padaste.ee\/et\/wp-json\/wp\/v2\/media\/11918"}],"wp:attachment":[{"href":"https:\/\/www.padaste.ee\/et\/wp-json\/wp\/v2\/media?parent=11982"}],"curies":[{"name":"wp","href":"https:\/\/api.w.org\/{rel}","templated":true}]}}