{"id":11984,"date":"2018-02-28T14:48:49","date_gmt":"2018-02-28T12:48:49","guid":{"rendered":"http:\/\/www.padaste.ee\/?page_id=11984"},"modified":"2025-10-14T09:15:29","modified_gmt":"2025-10-14T09:15:29","slug":"eripakkumise-detailid-hooli-endast","status":"publish","type":"page","link":"https:\/\/www.padaste.ee\/et\/eripakkumised\/hooli-endast\/eripakkumise-detailid-hooli-endast\/","title":{"rendered":"Eripakkumise Detailid &#8211; Hooli Endast"},"content":{"rendered":"<p><span style=\"color: #ff0000;\"><strong>Hinnastamine<\/strong><\/span><\/p>\n<p>&nbsp;<\/p>\n<table style=\"width: 100%;\">\n<tbody>\n<tr>\n<td style=\"width: 40.8661%;\">&nbsp;<\/td>\n<td style=\"text-align: center; width: 11.3667%;\"><strong>K\u00f5rghooaeg<br \/>\nTuba Kahele<\/strong><\/td>\n<td style=\"text-align: center; width: 16.7794%;\"><strong>K\u00f5rghooaeg<br \/>\nTuba \u00dchele<\/strong><\/td>\n<td style=\"text-align: center; width: 12.4493%;\"><strong>Madalhooaeg<br \/>\nTuba Kahele<\/strong><\/td>\n<td style=\"text-align: center; width: 16.7794%;\"><strong>Madalhooaeg<br \/>\nTuba \u00dchele<\/strong><\/td>\n<\/tr>\n<tr>\n<td style=\"width: 40.8661%;\"><strong>Deluxe Double tuba H\u00e4rrastemajas<\/strong><\/td>\n<td style=\"text-align: center; width: 11.3667%;\">1499 \u20ac<\/td>\n<td style=\"text-align: center; width: 16.7794%;\">1119 \u20ac<\/td>\n<td style=\"text-align: center; width: 12.4493%;\">1079 \u20ac<\/td>\n<td style=\"text-align: center; width: 16.7794%;\">689 \u20ac<\/td>\n<\/tr>\n<tr>\n<td style=\"width: 40.8661%;\"><strong>Junior sviit T\u00f5llakuuris<\/strong><\/td>\n<td style=\"text-align: center; width: 11.3667%;\">1629 \u20ac<\/td>\n<td style=\"text-align: center; width: 16.7794%;\">1249 \u20ac<\/td>\n<td style=\"text-align: center; width: 12.4493%;\">1109 \u20ac<\/td>\n<td style=\"text-align: center; width: 16.7794%;\">719 \u20ac<\/td>\n<\/tr>\n<tr>\n<td style=\"width: 40.8661%;\"><strong>Superior Double tuba H\u00e4rrastemajas<\/strong><\/td>\n<td style=\"text-align: center; width: 11.3667%;\">1789 \u20ac<\/td>\n<td style=\"text-align: center; width: 16.7794%;\">1399 \u20ac<\/td>\n<td style=\"text-align: center; width: 12.4493%;\">1139 \u20ac<\/td>\n<td style=\"text-align: center; width: 16.7794%;\">749 \u20ac<\/td>\n<\/tr>\n<tr>\n<td style=\"width: 40.8661%;\"><strong>Grand sviit H\u00e4rrastemajas<\/strong><\/td>\n<td style=\"text-align: center; width: 11.3667%;\">2669 \u20ac<\/td>\n<td style=\"text-align: center; width: 16.7794%;\">2289 \u20ac<\/td>\n<td style=\"text-align: center; width: 12.4493%;\">1519 \u20ac<\/td>\n<td style=\"text-align: center; width: 16.7794%;\">1139 \u20ac<\/td>\n<\/tr>\n<tr>\n<td style=\"width: 40.8661%;\"><strong>Superior Junior sviit H\u00e4rrastemajas<\/strong><\/td>\n<td style=\"text-align: center; width: 11.3667%;\">2119 \u20ac<\/td>\n<td style=\"text-align: center; width: 16.7794%;\">1739 \u20ac<\/td>\n<td style=\"text-align: center; width: 12.4493%;\">1199 \u20ac<\/td>\n<td style=\"text-align: center; width: 16.7794%;\">819 \u20ac<\/td>\n<\/tr>\n<\/tbody>\n<\/table>\n<p>&nbsp;<\/p>\n<p>&nbsp;<\/p>\n<p>Pakkumine ei kehti koos teiste eripakkumistega v\u00f5i gruppidele.<\/p>\n<p>&nbsp;<\/p>\n<p>Elamus, mida pakume P\u00e4daste SPA`s, p\u00f5hineb k\u00f5igi kuue meele harmoniseerimisel. Heaolu on t\u00e4iuslik kui k\u00f5ik meeled kogevad positiivset energiat, rahulolu ja l\u00f5\u00f5gastust. L\u00f5\u00f5gastavad heaolu protseduurid baseeruvad kohalikul \u2013ja sajanditevanusel Eesti ravimtaimede kasutamise traditsioonil. K\u00f5ik kasutatavad taimed on korjatud Muhu saare kaunist puutumata loodusest.<\/p>\n<p>&nbsp;<\/p>\n<p>Spa \u2010 men\u00fc\u00fc aitab teil valida endale meelep\u00e4rane kehahooldus, poolep\u00e4evane kombinatsioon v\u00f5i terviklik kahep\u00e4evane pakett.<br \/>\nKui soovite sobiva teenuse leidmisel abi, on meie terapeudid Teie jaoks alati olemas.<\/p>\n<p>&nbsp;<\/p>\n<p><a href=\"http:\/\/padaste.ee\/wp-content\/uploads\/2025\/10\/padaste-spa-menuu-2025.pdf\" target=\"_blank\" rel=\"noopener noreferrer\">Tutvu l\u00e4hemalt kogu SPA men\u00fc\u00fc valikutega siit<\/a><\/p>\n<p>&nbsp;<\/p>\n<p>&nbsp;<\/p>\n<p>Lisak\u00fcsimuste korral ja broneerimiseks v\u00f5tke meiega \u00fchendust emailil <a href=\"mailto:info@padaste.ee\">info@padaste.ee<\/a>&nbsp;v\u00f5i helistage numbril +372 45 48 800<\/p>\n<p>&nbsp;<\/p>\n<p><strong><a href=\"http:\/\/www.padaste.ee\/et\/eripakkumised\/hooli-endast\/\">Tagasi<\/a><\/strong><\/p>\n","protected":false},"excerpt":{"rendered":"<p>Hinnastamine &nbsp; &nbsp; K\u00f5rghooaeg Tuba Kahele K\u00f5rghooaeg Tuba \u00dchele Madalhooaeg Tuba Kahele Madalhooaeg Tuba \u00dchele Deluxe Double tuba H\u00e4rrastemajas 1499 \u20ac 1119 \u20ac 1079 \u20ac 689 \u20ac Junior sviit T\u00f5llakuuris 1629 \u20ac 1249 \u20ac 1109 \u20ac 719 \u20ac Superior Double tuba H\u00e4rrastemajas 1789 \u20ac 1399 \u20ac 1139 \u20ac 749 \u20ac Grand sviit H\u00e4rrastemajas 2669 \u20ac [&hellip;]<\/p>\n","protected":false},"author":52,"featured_media":11918,"parent":11982,"menu_order":0,"comment_status":"closed","ping_status":"closed","template":"","meta":{"ngg_post_thumbnail":0,"_links_to":"","_links_to_target":""},"yoast_head":"<!-- This site is optimized with the Yoast SEO plugin v16.1.1 - https:\/\/yoast.com\/wordpress\/plugins\/seo\/ -->\n<title>Eripakkumise Detailid - Hooli Endast -<\/title>\n<link rel=\"canonical\" href=\"https:\/\/www.padaste.ee\/et\/eripakkumised\/hooli-endast\/eripakkumise-detailid-hooli-endast\/\" \/>\n<meta property=\"og:locale\" content=\"et_EE\" \/>\n<meta property=\"og:type\" content=\"article\" \/>\n<meta property=\"og:title\" content=\"Eripakkumise Detailid - Hooli Endast -\" \/>\n<meta property=\"og:description\" content=\"Hinnastamine &nbsp; &nbsp; K\u00f5rghooaeg Tuba Kahele K\u00f5rghooaeg Tuba \u00dchele Madalhooaeg Tuba Kahele Madalhooaeg Tuba \u00dchele Deluxe Double tuba H\u00e4rrastemajas 1499 \u20ac 1119 \u20ac 1079 \u20ac 689 \u20ac Junior sviit T\u00f5llakuuris 1629 \u20ac 1249 \u20ac 1109 \u20ac 719 \u20ac Superior Double tuba H\u00e4rrastemajas 1789 \u20ac 1399 \u20ac 1139 \u20ac 749 \u20ac Grand sviit H\u00e4rrastemajas 2669 \u20ac [&hellip;]\" \/>\n<meta property=\"og:url\" content=\"https:\/\/www.padaste.ee\/et\/eripakkumised\/hooli-endast\/eripakkumise-detailid-hooli-endast\/\" \/>\n<meta property=\"article:publisher\" content=\"https:\/\/www.facebook.com\/Padastemanor\/\" \/>\n<meta property=\"article:modified_time\" content=\"2025-10-14T09:15:29+00:00\" \/>\n<meta property=\"og:image\" content=\"https:\/\/www.padaste.ee\/wp-content\/uploads\/2018\/02\/5960533257-1024x705.jpg\" \/>\n\t<meta property=\"og:image:width\" content=\"1024\" \/>\n\t<meta property=\"og:image:height\" content=\"705\" \/>\n<meta name=\"twitter:card\" content=\"summary_large_image\" \/>\n<meta name=\"twitter:label1\" content=\"Est. reading time\">\n\t<meta name=\"twitter:data1\" content=\"1 minut\">\n<script type=\"application\/ld+json\" class=\"yoast-schema-graph\">{\"@context\":\"https:\/\/schema.org\",\"@graph\":[{\"@type\":\"Organization\",\"@id\":\"https:\/\/www.padaste.ee\/#organization\",\"name\":\"P\\u00e4daste M\\u00f5is\",\"url\":\"https:\/\/www.padaste.ee\/\",\"sameAs\":[\"https:\/\/www.facebook.com\/Padastemanor\/\"],\"logo\":{\"@type\":\"ImageObject\",\"@id\":\"https:\/\/www.padaste.ee\/#logo\",\"inLanguage\":\"et\",\"url\":\"https:\/\/padaste.ee\/wp-content\/uploads\/2018\/12\/padaste_2011.jpg\",\"contentUrl\":\"https:\/\/padaste.ee\/wp-content\/uploads\/2018\/12\/padaste_2011.jpg\",\"width\":154,\"height\":61,\"caption\":\"P\\u00e4daste M\\u00f5is\"},\"image\":{\"@id\":\"https:\/\/www.padaste.ee\/#logo\"}},{\"@type\":\"WebSite\",\"@id\":\"https:\/\/www.padaste.ee\/#website\",\"url\":\"https:\/\/www.padaste.ee\/\",\"name\":\"\",\"description\":\"\",\"publisher\":{\"@id\":\"https:\/\/www.padaste.ee\/#organization\"},\"potentialAction\":[{\"@type\":\"SearchAction\",\"target\":\"https:\/\/www.padaste.ee\/?s={search_term_string}\",\"query-input\":\"required name=search_term_string\"}],\"inLanguage\":\"et\"},{\"@type\":\"ImageObject\",\"@id\":\"https:\/\/www.padaste.ee\/et\/eripakkumised\/hooli-endast\/eripakkumise-detailid-hooli-endast\/#primaryimage\",\"inLanguage\":\"et\",\"url\":\"https:\/\/www.padaste.ee\/wp-content\/uploads\/2018\/02\/5960533257.jpg\",\"contentUrl\":\"https:\/\/www.padaste.ee\/wp-content\/uploads\/2018\/02\/5960533257.jpg\",\"width\":3800,\"height\":2617},{\"@type\":\"WebPage\",\"@id\":\"https:\/\/www.padaste.ee\/et\/eripakkumised\/hooli-endast\/eripakkumise-detailid-hooli-endast\/#webpage\",\"url\":\"https:\/\/www.padaste.ee\/et\/eripakkumised\/hooli-endast\/eripakkumise-detailid-hooli-endast\/\",\"name\":\"Eripakkumise Detailid - Hooli Endast -\",\"isPartOf\":{\"@id\":\"https:\/\/www.padaste.ee\/#website\"},\"primaryImageOfPage\":{\"@id\":\"https:\/\/www.padaste.ee\/et\/eripakkumised\/hooli-endast\/eripakkumise-detailid-hooli-endast\/#primaryimage\"},\"datePublished\":\"2018-02-28T12:48:49+00:00\",\"dateModified\":\"2025-10-14T09:15:29+00:00\",\"breadcrumb\":{\"@id\":\"https:\/\/www.padaste.ee\/et\/eripakkumised\/hooli-endast\/eripakkumise-detailid-hooli-endast\/#breadcrumb\"},\"inLanguage\":\"et\",\"potentialAction\":[{\"@type\":\"ReadAction\",\"target\":[\"https:\/\/www.padaste.ee\/et\/eripakkumised\/hooli-endast\/eripakkumise-detailid-hooli-endast\/\"]}]},{\"@type\":\"BreadcrumbList\",\"@id\":\"https:\/\/www.padaste.ee\/et\/eripakkumised\/hooli-endast\/eripakkumise-detailid-hooli-endast\/#breadcrumb\",\"itemListElement\":[{\"@type\":\"ListItem\",\"position\":1,\"item\":{\"@type\":\"WebPage\",\"@id\":\"https:\/\/www.padaste.ee\/et\/\",\"url\":\"https:\/\/www.padaste.ee\/et\/\",\"name\":\"Home\"}},{\"@type\":\"ListItem\",\"position\":2,\"item\":{\"@type\":\"WebPage\",\"@id\":\"https:\/\/www.padaste.ee\/et\/eripakkumised\/\",\"url\":\"https:\/\/www.padaste.ee\/et\/eripakkumised\/\",\"name\":\"Eripakkumised\"}},{\"@type\":\"ListItem\",\"position\":3,\"item\":{\"@type\":\"WebPage\",\"@id\":\"https:\/\/xn--pdaste-bua.ee\/et\/eripakkumised\/hooli-endast\/\",\"url\":\"https:\/\/xn--pdaste-bua.ee\/et\/eripakkumised\/hooli-endast\/\",\"name\":\"Hooli Endast\"}},{\"@type\":\"ListItem\",\"position\":4,\"item\":{\"@type\":\"WebPage\",\"@id\":\"https:\/\/www.padaste.ee\/et\/eripakkumised\/hooli-endast\/eripakkumise-detailid-hooli-endast\/\",\"url\":\"https:\/\/www.padaste.ee\/et\/eripakkumised\/hooli-endast\/eripakkumise-detailid-hooli-endast\/\",\"name\":\"Eripakkumise Detailid &#8211; Hooli Endast\"}}]}]}<\/script>\n<!-- \/ Yoast SEO plugin. -->","_links":{"self":[{"href":"https:\/\/www.padaste.ee\/et\/wp-json\/wp\/v2\/pages\/11984"}],"collection":[{"href":"https:\/\/www.padaste.ee\/et\/wp-json\/wp\/v2\/pages"}],"about":[{"href":"https:\/\/www.padaste.ee\/et\/wp-json\/wp\/v2\/types\/page"}],"author":[{"embeddable":true,"href":"https:\/\/www.padaste.ee\/et\/wp-json\/wp\/v2\/users\/52"}],"replies":[{"embeddable":true,"href":"https:\/\/www.padaste.ee\/et\/wp-json\/wp\/v2\/comments?post=11984"}],"version-history":[{"count":37,"href":"https:\/\/www.padaste.ee\/et\/wp-json\/wp\/v2\/pages\/11984\/revisions"}],"predecessor-version":[{"id":25518,"href":"https:\/\/www.padaste.ee\/et\/wp-json\/wp\/v2\/pages\/11984\/revisions\/25518"}],"up":[{"embeddable":true,"href":"https:\/\/www.padaste.ee\/et\/wp-json\/wp\/v2\/pages\/11982"}],"wp:featuredmedia":[{"embeddable":true,"href":"https:\/\/www.padaste.ee\/et\/wp-json\/wp\/v2\/media\/11918"}],"wp:attachment":[{"href":"https:\/\/www.padaste.ee\/et\/wp-json\/wp\/v2\/media?parent=11984"}],"curies":[{"name":"wp","href":"https:\/\/api.w.org\/{rel}","templated":true}]}}