{"id":12908,"date":"2018-10-29T15:32:37","date_gmt":"2018-10-29T13:32:37","guid":{"rendered":"http:\/\/www.padaste.ee\/?page_id=12908"},"modified":"2025-06-27T11:07:25","modified_gmt":"2025-06-27T11:07:25","slug":"broneeri-otse","status":"publish","type":"page","link":"https:\/\/www.padaste.ee\/et\/broneeri-otse\/","title":{"rendered":"Otsebroneeringul on rohkem h\u00fcvesid!"},"content":{"rendered":"<p><strong>Pakume paeluvaid h\u00fcvesid k\u00fclalistele, kes teevad broneeringu meie juurde oste, saates selleks meili aadressile <a href=\"mailto:info@padaste.ee\">info@padaste.ee<\/a>.&nbsp;Otsebroneeringutega kaasuvate h\u00fcvede l\u00e4bi soovime rikastada teie k\u00fclastuskogemust ja luua veelgi rohkem meeldej\u00e4\u00e4vaid m\u00e4lestusi.<\/strong><\/p>\n<p>&nbsp;<\/p>\n<p><span style=\"color: #ff0000;\"><strong><br \/>\nOtsesuhtlus asjatundliku personaliga<\/strong><\/span><br \/>\nMugavus oma erisoovidest otse meie personalile teada anda loob kindlustunde. Tunneme sihtkohta ning hotelli teenuseid paremini kui keegi teine ja saame teid abistada ideaalse reisi planeerimisel Muhu saarel. Meie kogenud personal abistab teid broneeringu ja reisiplaanide korraldamisega.<\/p>\n<p>&nbsp;<\/p>\n<p><span style=\"color: #ff0000;\"><strong>Garanteeritult parimad hinnad ja pakkumised ilma varjatud kuludeta<\/strong><\/span><br \/>\nMeie teenused vastavad alati k\u00f5rgeimale standardile, kuid broneerides otse l\u00e4bi meie saate alati parima hinna osaliseks ning ligip\u00e4\u00e4su eripakkumistele, mida muudes broneerimiskeskkondades ei pruugi ilma varjatud kuludeta leiduda. Otsebroneeringu raames maksad justt\u00e4pselt selle eest, mida n\u00e4ed.<\/p>\n<p>&nbsp;<\/p>\n<p><span style=\"color: #ff0000;\"><strong>Lisatasuta upgrade k\u00f5rgema kategooria tuba v\u00f5i sviit<\/strong><\/span><br \/>\nBroneerides&nbsp;e-posti <a href=\"mailto:info@padaste.ee\">info@padaste.ee<\/a> kaudu, pakume kohapeal vabade tubade olemasolul ilma lisatasuta upgrade\u2019i k\u00f5rgema kategooria tuppa v\u00f5i sviiti.<\/p>\n<p>&nbsp;<\/p>\n<p><span style=\"color: #ff0000;\"><strong>Broneeringule kohene kinnitus<\/strong><\/span><br \/>\nBroneerides meie <em>Guest Relation Manageri<\/em> kaudu meili teel, &nbsp;saate broneeringule koheselt kinnituse ning teil on v\u00f5imalus valida endale sobilik peatumine k\u00f5ikide tubade ja sviitide vahel.<\/p>\n<p>&nbsp;<\/p>\n<p>&nbsp;<\/p>\n<p style=\"text-align: center;\"><strong><a href=\"https:\/\/be.synxis.com\/?adult=2&amp;arrive=2019-02-22&amp;chain=22402&amp;child=0&amp;currency=EUR&amp;depart=2019-02-24&amp;hotel=78716&amp;level=hotel&amp;locale=en-US&amp;rooms=1&amp;sbe_ri=0&amp;sbe_sid=w6Uzg7an_biKA446BnAyWAzO\"><span style=\"font-size: 20px;\">BRONEERI KOHE<\/span><\/a><\/strong><\/p>\n<p>&nbsp;<\/p>\n<p>&nbsp;<\/p>\n<p>Muhu saar on imeline paik paarip\u00e4evase puhkuse veetmiseks, et l\u00f5\u00f5gastuda ja r\u00f5\u00f5mustada lihtsate naudingute \u00fcle, mida elu pakub. Soovitame huvitavaid <strong><a href=\"http:\/\/www.padaste.ee\/et\/paketid\/\">pakette<\/a><\/strong> ja <strong><a href=\"http:\/\/www.padaste.ee\/et\/eripakkumised\/\">eripakkumisi<\/a><\/strong>. Hoolitseme Teie ja teie s\u00f5prade eest ootusp\u00e4raselt esmaklassilisel viisil, nii nagu seda P\u00e4daste M\u00f5isas ikka tehakse.<\/p>\n<p>&nbsp;<\/p>\n<p>Broneeringusooviga palume meiega \u00fchendust v\u00f5tta aadressil <a href=\"mailto:info@padaste.ee\">info@padaste.ee<\/a> v\u00f5i telefonil +372 45 48 800.<\/p>\n","protected":false},"excerpt":{"rendered":"<p>Pakume paeluvaid h\u00fcvesid k\u00fclalistele, kes teevad broneeringu meie juurde oste, saates selleks meili aadressile info@padaste.ee.&nbsp;Otsebroneeringutega kaasuvate h\u00fcvede l\u00e4bi soovime rikastada teie k\u00fclastuskogemust ja luua veelgi rohkem meeldej\u00e4\u00e4vaid m\u00e4lestusi. &nbsp; Otsesuhtlus asjatundliku personaliga Mugavus oma erisoovidest otse meie personalile teada anda loob kindlustunde. Tunneme sihtkohta ning hotelli teenuseid paremini kui keegi teine ja saame teid abistada [&hellip;]<\/p>\n","protected":false},"author":52,"featured_media":0,"parent":0,"menu_order":22,"comment_status":"closed","ping_status":"closed","template":"","meta":{"ngg_post_thumbnail":0,"_links_to":"","_links_to_target":""},"yoast_head":"<!-- This site is optimized with the Yoast SEO plugin v16.1.1 - https:\/\/yoast.com\/wordpress\/plugins\/seo\/ -->\n<title>Otsebroneeringul on rohkem h\u00fcvesid! -<\/title>\n<link rel=\"canonical\" href=\"https:\/\/www.padaste.ee\/et\/broneeri-otse\/\" \/>\n<meta property=\"og:locale\" content=\"et_EE\" \/>\n<meta property=\"og:type\" content=\"article\" \/>\n<meta property=\"og:title\" content=\"Otsebroneeringul on rohkem h\u00fcvesid! -\" \/>\n<meta property=\"og:description\" content=\"Pakume paeluvaid h\u00fcvesid k\u00fclalistele, kes teevad broneeringu meie juurde oste, saates selleks meili aadressile info@padaste.ee.&nbsp;Otsebroneeringutega kaasuvate h\u00fcvede l\u00e4bi soovime rikastada teie k\u00fclastuskogemust ja luua veelgi rohkem meeldej\u00e4\u00e4vaid m\u00e4lestusi. &nbsp; Otsesuhtlus asjatundliku personaliga Mugavus oma erisoovidest otse meie personalile teada anda loob kindlustunde. Tunneme sihtkohta ning hotelli teenuseid paremini kui keegi teine ja saame teid abistada [&hellip;]\" \/>\n<meta property=\"og:url\" content=\"https:\/\/www.padaste.ee\/et\/broneeri-otse\/\" \/>\n<meta property=\"article:publisher\" content=\"https:\/\/www.facebook.com\/Padastemanor\/\" \/>\n<meta property=\"article:modified_time\" content=\"2025-06-27T11:07:25+00:00\" \/>\n<meta name=\"twitter:card\" content=\"summary_large_image\" \/>\n<meta name=\"twitter:label1\" content=\"Est. reading time\">\n\t<meta name=\"twitter:data1\" content=\"1 minut\">\n<script type=\"application\/ld+json\" class=\"yoast-schema-graph\">{\"@context\":\"https:\/\/schema.org\",\"@graph\":[{\"@type\":\"Organization\",\"@id\":\"https:\/\/padaste.ee\/#organization\",\"name\":\"P\\u00e4daste M\\u00f5is\",\"url\":\"https:\/\/padaste.ee\/\",\"sameAs\":[\"https:\/\/www.facebook.com\/Padastemanor\/\"],\"logo\":{\"@type\":\"ImageObject\",\"@id\":\"https:\/\/padaste.ee\/#logo\",\"inLanguage\":\"et\",\"url\":\"https:\/\/padaste.ee\/wp-content\/uploads\/2018\/12\/padaste_2011.jpg\",\"contentUrl\":\"https:\/\/padaste.ee\/wp-content\/uploads\/2018\/12\/padaste_2011.jpg\",\"width\":154,\"height\":61,\"caption\":\"P\\u00e4daste M\\u00f5is\"},\"image\":{\"@id\":\"https:\/\/padaste.ee\/#logo\"}},{\"@type\":\"WebSite\",\"@id\":\"https:\/\/padaste.ee\/#website\",\"url\":\"https:\/\/padaste.ee\/\",\"name\":\"\",\"description\":\"\",\"publisher\":{\"@id\":\"https:\/\/padaste.ee\/#organization\"},\"potentialAction\":[{\"@type\":\"SearchAction\",\"target\":\"https:\/\/padaste.ee\/?s={search_term_string}\",\"query-input\":\"required name=search_term_string\"}],\"inLanguage\":\"et\"},{\"@type\":\"WebPage\",\"@id\":\"https:\/\/www.padaste.ee\/et\/broneeri-otse\/#webpage\",\"url\":\"https:\/\/www.padaste.ee\/et\/broneeri-otse\/\",\"name\":\"Otsebroneeringul on rohkem h\\u00fcvesid! -\",\"isPartOf\":{\"@id\":\"https:\/\/padaste.ee\/#website\"},\"datePublished\":\"2018-10-29T13:32:37+00:00\",\"dateModified\":\"2025-06-27T11:07:25+00:00\",\"breadcrumb\":{\"@id\":\"https:\/\/www.padaste.ee\/et\/broneeri-otse\/#breadcrumb\"},\"inLanguage\":\"et\",\"potentialAction\":[{\"@type\":\"ReadAction\",\"target\":[\"https:\/\/www.padaste.ee\/et\/broneeri-otse\/\"]}]},{\"@type\":\"BreadcrumbList\",\"@id\":\"https:\/\/www.padaste.ee\/et\/broneeri-otse\/#breadcrumb\",\"itemListElement\":[{\"@type\":\"ListItem\",\"position\":1,\"item\":{\"@type\":\"WebPage\",\"@id\":\"https:\/\/xn--pdaste-bua.eu\/et\/\",\"url\":\"https:\/\/xn--pdaste-bua.eu\/et\/\",\"name\":\"Home\"}},{\"@type\":\"ListItem\",\"position\":2,\"item\":{\"@type\":\"WebPage\",\"@id\":\"https:\/\/www.padaste.ee\/et\/broneeri-otse\/\",\"url\":\"https:\/\/www.padaste.ee\/et\/broneeri-otse\/\",\"name\":\"Otsebroneeringul on rohkem h\\u00fcvesid!\"}}]}]}<\/script>\n<!-- \/ Yoast SEO plugin. -->","_links":{"self":[{"href":"https:\/\/www.padaste.ee\/et\/wp-json\/wp\/v2\/pages\/12908"}],"collection":[{"href":"https:\/\/www.padaste.ee\/et\/wp-json\/wp\/v2\/pages"}],"about":[{"href":"https:\/\/www.padaste.ee\/et\/wp-json\/wp\/v2\/types\/page"}],"author":[{"embeddable":true,"href":"https:\/\/www.padaste.ee\/et\/wp-json\/wp\/v2\/users\/52"}],"replies":[{"embeddable":true,"href":"https:\/\/www.padaste.ee\/et\/wp-json\/wp\/v2\/comments?post=12908"}],"version-history":[{"count":8,"href":"https:\/\/www.padaste.ee\/et\/wp-json\/wp\/v2\/pages\/12908\/revisions"}],"predecessor-version":[{"id":19737,"href":"https:\/\/www.padaste.ee\/et\/wp-json\/wp\/v2\/pages\/12908\/revisions\/19737"}],"wp:attachment":[{"href":"https:\/\/www.padaste.ee\/et\/wp-json\/wp\/v2\/media?parent=12908"}],"curies":[{"name":"wp","href":"https:\/\/api.w.org\/{rel}","templated":true}]}}