{"id":15919,"date":"2020-01-23T13:07:40","date_gmt":"2020-01-23T13:07:40","guid":{"rendered":"http:\/\/www.padaste.ee\/?page_id=15919"},"modified":"2020-01-23T13:29:49","modified_gmt":"2020-01-23T13:29:49","slug":"leia-oma-taiuslik-kevad-2","status":"publish","type":"page","link":"https:\/\/www.padaste.ee\/et\/eripakkumised\/leia-oma-taiuslik-kevad-2\/","title":{"rendered":"Leia oma t\u00e4iuslik kevad"},"content":{"rendered":"<h1 style=\"text-align: center;\"><span style=\"font-size: 24px; color: #ff0000;\">Atraktiivne pakkumine nautimaks kevade o\u0303itsengut!<\/span><\/h1>\n<p>&nbsp;<\/p>\n<p><img loading=\"lazy\" class=\"aligncenter wp-image-15921 size-full\" src=\"http:\/\/www.padaste.ee\/wp-content\/uploads\/2020\/01\/13124500_10154172829533979_9218230246530030137_n.jpg\" alt=\"\" width=\"960\" height=\"720\" srcset=\"https:\/\/www.padaste.ee\/wp-content\/uploads\/2020\/01\/13124500_10154172829533979_9218230246530030137_n.jpg 960w, https:\/\/www.padaste.ee\/wp-content\/uploads\/2020\/01\/13124500_10154172829533979_9218230246530030137_n-300x225.jpg 300w, https:\/\/www.padaste.ee\/wp-content\/uploads\/2020\/01\/13124500_10154172829533979_9218230246530030137_n-768x576.jpg 768w, https:\/\/www.padaste.ee\/wp-content\/uploads\/2020\/01\/13124500_10154172829533979_9218230246530030137_n-24x18.jpg 24w, https:\/\/www.padaste.ee\/wp-content\/uploads\/2020\/01\/13124500_10154172829533979_9218230246530030137_n-36x27.jpg 36w, https:\/\/www.padaste.ee\/wp-content\/uploads\/2020\/01\/13124500_10154172829533979_9218230246530030137_n-48x36.jpg 48w\" sizes=\"(max-width: 960px) 100vw, 960px\" \/><\/p>\n<p>&nbsp;<\/p>\n<p>&nbsp;<\/p>\n<p style=\"text-align: center;\">Lo\u0303o\u0303gastuge ja nautige seda lihtsat mugavust, mille poolest Pa\u0308daste Mo\u0303is tuntud on&#8230;<\/p>\n<p>&nbsp;<\/p>\n<p style=\"text-align: center;\"><span style=\"color: #ff0000;\"><strong>12. m\u00e4rts kuni 30. aprill 2020<\/strong><\/span><\/p>\n<p>&nbsp;<\/p>\n<p>&nbsp;<\/p>\n<table style=\"border-collapse: collapse; width: 100%; height: 272px;\">\n<tbody>\n<tr style=\"height: 24px;\">\n<td style=\"width: 33.3333%; height: 24px;\"><span style=\"color: #ff0000;\"><strong>1-\u00f6ine pakkumine sisaldab<\/strong><\/span><\/td>\n<td style=\"width: 33.3333%; height: 24px;\"><span style=\"color: #ff0000;\"><strong>2-\u00f6ine pakkumine sisaldab<\/strong><\/span><\/td>\n<\/tr>\n<tr style=\"height: 224px;\">\n<td style=\"width: 33.3333%; height: 224px;\">\n<ul>\n<li>Tervitusjook saabumisel<\/li>\n<li>\u00dcks \u00f6\u00f6 majutust Deluxe Double kategooria toas H\u00e4rrastemajas<\/li>\n<li>Rikkalik hommikus\u00f6\u00f6k Alexander Restorani talveaias<\/li>\n<li>3-ka\u0308iguline Table d\u2019Hote o\u0303htuso\u0308o\u0308k Alexander restoranis<\/li>\n<li>Hommikune joogaklass \u201cTo\u0303use ja sa\u0308ra\u201d koos terapeudiga<\/li>\n<\/ul>\n<\/td>\n<td style=\"width: 33.3333%; height: 224px;\">\n<ul>\n<li>Tervitusjook saabumisel<\/li>\n<li>Kaks \u00f6\u00f6d majutust Deluxe Double kategooria toas H\u00e4rrastemajas<\/li>\n<li>Rikkalikud hommikus\u00f6\u00f6gid Alexander Restorani talveaias<\/li>\n<li>3-ka\u0308iguline Table d\u2019Hote o\u0303htuso\u0308o\u0308k Alexander restoranis saabumis\u00f5htul<\/li>\n<li>2-k\u00e4iguline l\u00f5unas\u00f6\u00f6k teisel p\u00e4eval<\/li>\n<li>Hommikune joogaklass \u201cTo\u0303use ja sa\u0308ra\u201d koos terapeudiga<\/li>\n<\/ul>\n<\/td>\n<\/tr>\n<tr style=\"height: 24px;\">\n<td style=\"width: 33.3333%; height: 24px;\"><span style=\"color: #ff0000;\"><strong>Hind k\u00fclalise kohta 149 \u20ac<\/strong><\/span><\/td>\n<td style=\"width: 33.3333%; height: 24px;\"><span style=\"color: #ff0000;\"><strong>Hind k\u00fclalise kohta 250 \u20ac<\/strong><\/span><\/td>\n<\/tr>\n<\/tbody>\n<\/table>\n<p>&nbsp;<\/p>\n<p><em>Junior Suite kategooria tuba T\u00f5llakuuris &#8211; \u00fche \u00f6\u00f6 lisatasu k\u00fclalise kohta 25 \u20ac<\/em><\/p>\n<p><em>Superior Double kategooria tuba H\u00e4rrastemajas &#8211; \u00fche \u00f6\u00f6 lisatasu k\u00fclalise kohta 48 \u20ac<\/em><\/p>\n<p>&nbsp;<\/p>\n<p>&nbsp;<\/p>\n<p><em>Eripakkumine kehtib piiratud arvule tubadele; soovitame varakult broneerida.<\/em><\/p>\n<p>Broneerimiseks v\u00f5tke palun \u00fchendust aadressil info@padaste.ee v\u00f5i helistage meile numbril +372 45 48 800 ja mainige <strong><span style=\"color: #ff0000;\">\u201cLeia oma t\u00e4iuslik kevad\u201d<\/span><\/strong>.<\/p>\n<p>&nbsp;<\/p>\n<p>&nbsp;<\/p>\n<p><strong><a href=\"https:\/\/www.padaste.ee\/et\/eripakkumised\/leia-oma-taiuslik-kevad-2\/broneerimistingimused\/\">Broneerimistingimused<\/a><\/strong><\/p>\n","protected":false},"excerpt":{"rendered":"<p>Atraktiivne pakkumine nautimaks kevade o\u0303itsengut!<\/p>\n","protected":false},"author":52,"featured_media":15921,"parent":8975,"menu_order":0,"comment_status":"closed","ping_status":"closed","template":"","meta":{"ngg_post_thumbnail":0,"_links_to":"","_links_to_target":""},"yoast_head":"<!-- This site is optimized with the Yoast SEO plugin v16.1.1 - https:\/\/yoast.com\/wordpress\/plugins\/seo\/ -->\n<title>Leia oma t\u00e4iuslik kevad -<\/title>\n<link rel=\"canonical\" href=\"https:\/\/www.padaste.ee\/et\/eripakkumised\/leia-oma-taiuslik-kevad-2\/\" \/>\n<meta property=\"og:locale\" content=\"et_EE\" \/>\n<meta property=\"og:type\" content=\"article\" \/>\n<meta property=\"og:title\" content=\"Leia oma t\u00e4iuslik kevad -\" \/>\n<meta property=\"og:description\" content=\"Atraktiivne pakkumine nautimaks kevade o\u0303itsengut!\" \/>\n<meta property=\"og:url\" content=\"https:\/\/www.padaste.ee\/et\/eripakkumised\/leia-oma-taiuslik-kevad-2\/\" \/>\n<meta property=\"article:publisher\" content=\"https:\/\/www.facebook.com\/Padastemanor\/\" \/>\n<meta property=\"article:modified_time\" content=\"2020-01-23T13:29:49+00:00\" \/>\n<meta property=\"og:image\" content=\"https:\/\/www.padaste.ee\/wp-content\/uploads\/2020\/01\/13124500_10154172829533979_9218230246530030137_n.jpg\" \/>\n\t<meta property=\"og:image:width\" content=\"960\" \/>\n\t<meta property=\"og:image:height\" content=\"720\" \/>\n<meta name=\"twitter:card\" content=\"summary_large_image\" \/>\n<meta name=\"twitter:label1\" content=\"Est. reading time\">\n\t<meta name=\"twitter:data1\" content=\"1 minut\">\n<script type=\"application\/ld+json\" class=\"yoast-schema-graph\">{\"@context\":\"https:\/\/schema.org\",\"@graph\":[{\"@type\":\"Organization\",\"@id\":\"https:\/\/www.padaste.ee\/#organization\",\"name\":\"P\\u00e4daste M\\u00f5is\",\"url\":\"https:\/\/www.padaste.ee\/\",\"sameAs\":[\"https:\/\/www.facebook.com\/Padastemanor\/\"],\"logo\":{\"@type\":\"ImageObject\",\"@id\":\"https:\/\/www.padaste.ee\/#logo\",\"inLanguage\":\"et\",\"url\":\"https:\/\/padaste.ee\/wp-content\/uploads\/2018\/12\/padaste_2011.jpg\",\"contentUrl\":\"https:\/\/padaste.ee\/wp-content\/uploads\/2018\/12\/padaste_2011.jpg\",\"width\":154,\"height\":61,\"caption\":\"P\\u00e4daste M\\u00f5is\"},\"image\":{\"@id\":\"https:\/\/www.padaste.ee\/#logo\"}},{\"@type\":\"WebSite\",\"@id\":\"https:\/\/www.padaste.ee\/#website\",\"url\":\"https:\/\/www.padaste.ee\/\",\"name\":\"\",\"description\":\"\",\"publisher\":{\"@id\":\"https:\/\/www.padaste.ee\/#organization\"},\"potentialAction\":[{\"@type\":\"SearchAction\",\"target\":\"https:\/\/www.padaste.ee\/?s={search_term_string}\",\"query-input\":\"required name=search_term_string\"}],\"inLanguage\":\"et\"},{\"@type\":\"ImageObject\",\"@id\":\"https:\/\/www.padaste.ee\/et\/eripakkumised\/leia-oma-taiuslik-kevad-2\/#primaryimage\",\"inLanguage\":\"et\",\"url\":\"https:\/\/www.padaste.ee\/wp-content\/uploads\/2020\/01\/13124500_10154172829533979_9218230246530030137_n.jpg\",\"contentUrl\":\"https:\/\/www.padaste.ee\/wp-content\/uploads\/2020\/01\/13124500_10154172829533979_9218230246530030137_n.jpg\",\"width\":960,\"height\":720},{\"@type\":\"WebPage\",\"@id\":\"https:\/\/www.padaste.ee\/et\/eripakkumised\/leia-oma-taiuslik-kevad-2\/#webpage\",\"url\":\"https:\/\/www.padaste.ee\/et\/eripakkumised\/leia-oma-taiuslik-kevad-2\/\",\"name\":\"Leia oma t\\u00e4iuslik kevad -\",\"isPartOf\":{\"@id\":\"https:\/\/www.padaste.ee\/#website\"},\"primaryImageOfPage\":{\"@id\":\"https:\/\/www.padaste.ee\/et\/eripakkumised\/leia-oma-taiuslik-kevad-2\/#primaryimage\"},\"datePublished\":\"2020-01-23T13:07:40+00:00\",\"dateModified\":\"2020-01-23T13:29:49+00:00\",\"breadcrumb\":{\"@id\":\"https:\/\/www.padaste.ee\/et\/eripakkumised\/leia-oma-taiuslik-kevad-2\/#breadcrumb\"},\"inLanguage\":\"et\",\"potentialAction\":[{\"@type\":\"ReadAction\",\"target\":[\"https:\/\/www.padaste.ee\/et\/eripakkumised\/leia-oma-taiuslik-kevad-2\/\"]}]},{\"@type\":\"BreadcrumbList\",\"@id\":\"https:\/\/www.padaste.ee\/et\/eripakkumised\/leia-oma-taiuslik-kevad-2\/#breadcrumb\",\"itemListElement\":[{\"@type\":\"ListItem\",\"position\":1,\"item\":{\"@type\":\"WebPage\",\"@id\":\"https:\/\/www.padaste.ee\/et\/\",\"url\":\"https:\/\/www.padaste.ee\/et\/\",\"name\":\"Home\"}},{\"@type\":\"ListItem\",\"position\":2,\"item\":{\"@type\":\"WebPage\",\"@id\":\"https:\/\/www.padaste.ee\/et\/eripakkumised\/\",\"url\":\"https:\/\/www.padaste.ee\/et\/eripakkumised\/\",\"name\":\"Eripakkumised\"}},{\"@type\":\"ListItem\",\"position\":3,\"item\":{\"@type\":\"WebPage\",\"@id\":\"https:\/\/www.padaste.ee\/et\/eripakkumised\/leia-oma-taiuslik-kevad-2\/\",\"url\":\"https:\/\/www.padaste.ee\/et\/eripakkumised\/leia-oma-taiuslik-kevad-2\/\",\"name\":\"Leia oma t\\u00e4iuslik kevad\"}}]}]}<\/script>\n<!-- \/ Yoast SEO plugin. -->","_links":{"self":[{"href":"https:\/\/www.padaste.ee\/et\/wp-json\/wp\/v2\/pages\/15919"}],"collection":[{"href":"https:\/\/www.padaste.ee\/et\/wp-json\/wp\/v2\/pages"}],"about":[{"href":"https:\/\/www.padaste.ee\/et\/wp-json\/wp\/v2\/types\/page"}],"author":[{"embeddable":true,"href":"https:\/\/www.padaste.ee\/et\/wp-json\/wp\/v2\/users\/52"}],"replies":[{"embeddable":true,"href":"https:\/\/www.padaste.ee\/et\/wp-json\/wp\/v2\/comments?post=15919"}],"version-history":[{"count":8,"href":"https:\/\/www.padaste.ee\/et\/wp-json\/wp\/v2\/pages\/15919\/revisions"}],"predecessor-version":[{"id":15941,"href":"https:\/\/www.padaste.ee\/et\/wp-json\/wp\/v2\/pages\/15919\/revisions\/15941"}],"up":[{"embeddable":true,"href":"https:\/\/www.padaste.ee\/et\/wp-json\/wp\/v2\/pages\/8975"}],"wp:featuredmedia":[{"embeddable":true,"href":"https:\/\/www.padaste.ee\/et\/wp-json\/wp\/v2\/media\/15921"}],"wp:attachment":[{"href":"https:\/\/www.padaste.ee\/et\/wp-json\/wp\/v2\/media?parent=15919"}],"curies":[{"name":"wp","href":"https:\/\/api.w.org\/{rel}","templated":true}]}}