{"id":8615,"date":"2015-07-27T21:19:47","date_gmt":"2015-07-27T18:19:47","guid":{"rendered":"http:\/\/padastenew.local\/?page_id=8615"},"modified":"2018-03-08T12:40:55","modified_gmt":"2018-03-08T10:40:55","slug":"harrastemaja","status":"publish","type":"page","link":"https:\/\/www.padaste.ee\/et\/toad\/harrastemaja\/","title":{"rendered":"H\u00e4rrastemaja"},"content":{"rendered":"<h1><span style=\"font-size: 18px; color: #ff0000;\">H\u00e4rrastemaja<\/span><\/h1>\n<p>P\u00e4daste M\u00f5isa H\u00e4rrastemaja on l\u00e4bi teinud ulatusliku restaureerimise, mille k\u00e4igus taastati hoonet sajandeid iseloomustanud v\u00e4\u00e4rikus ja \u00fcllas suurus. See id\u00fcllilisse L\u00e4\u00e4nemere kaldail laiuvasse parki ehitatud hoone ja aastaid puutumatuna seisnud hoonet on viimase viieteistk\u00fcmne aasta jooksul tasapisi hooletussej\u00e4etusest \u00e4ratatud ning taastamist\u00f6\u00f6d kulmineerusid 2-aastase restaureerimisprojektiga, mis l\u00f5ppes 2008. aasta juunis. M\u00f5isa vanimad osad p\u00e4rinevad juba 14. sajandist, m\u00f5ned iidseid seinad on veel praegugi hoones alles. 19. sajandi teisel poolel laiendati m\u00f5isahoonet tunduvalt ja sellele ehitati uus fassaad, siit ka hoonet t\u00e4nap\u00e4eval iseloomustavad harmoonilised m\u00f5\u00f5tmed ja selged jooned.<\/p>\n<p>&nbsp;<\/p>\n<style id=\"bwg-style-0\">    #bwg_container1_0 #bwg_container2_0 .bwg-container-0.bwg-standard-thumbnails {      width: 1354px;              justify-content: center;        margin:0 auto !important;              background-color: rgba(255, 255, 255, 0.00);            padding-left: 4px;      padding-top: 4px;      max-width: 100%;            }        #bwg_container1_0 #bwg_container2_0 .bwg-container-0.bwg-standard-thumbnails .bwg-item {      justify-content: flex-start;      max-width: 270px;            width: 270px !important;          }    #bwg_container1_0 #bwg_container2_0 .bwg-container-0.bwg-standard-thumbnails .bwg-item > a {       margin-right: 4px;       margin-bottom: 4px;    }    #bwg_container1_0 #bwg_container2_0 .bwg-container-0.bwg-standard-thumbnails .bwg-item0 {      padding: 0px;            background-color:rgba(255,255,255, 0.30);      border: 0px none #CCCCCC;      opacity: 1.00;      border-radius: 0;      box-shadow: 0px 0px 0px #888888;    }    #bwg_container1_0 #bwg_container2_0 .bwg-container-0.bwg-standard-thumbnails .bwg-item1 img {      max-height: none;      max-width: none;      padding: 0 !important;    }        @media only screen and (min-width: 480px) {      #bwg_container1_0 #bwg_container2_0 .bwg-container-0.bwg-standard-thumbnails .bwg-item0 {        transition: all 0.3s ease 0s;-webkit-transition: all 0.3s ease 0s;      }      #bwg_container1_0 #bwg_container2_0 .bwg-container-0.bwg-standard-thumbnails .bwg-item0:hover {        -ms-transform: scale(1.1);        -webkit-transform: scale(1.1);        transform: scale(1.1);      }    }          #bwg_container1_0 #bwg_container2_0 .bwg-container-0.bwg-standard-thumbnails .bwg-item1 {      padding-top: 66.6666666667%;    }        #bwg_container1_0 #bwg_container2_0 .bwg-container-0.bwg-standard-thumbnails .bwg-title2,    #bwg_container1_0 #bwg_container2_0 .bwg-container-0.bwg-standard-thumbnails .bwg-ecommerce2 {      color: #CCCCCC;      font-family: segoe ui;      font-size: 16px;      font-weight: bold;      padding: 2px;      text-shadow: 0px 0px 0px #888888;      max-height: 100%;    }    #bwg_container1_0 #bwg_container2_0 .bwg-container-0.bwg-standard-thumbnails .bwg-thumb-description span {    color: #323A45;    font-family: Ubuntu;    font-size: 12px;    max-height: 100%;    word-wrap: break-word;    }    #bwg_container1_0 #bwg_container2_0 .bwg-container-0.bwg-standard-thumbnails .bwg-play-icon2 {      font-size: 32px;    }    #bwg_container1_0 #bwg_container2_0 .bwg-container-0.bwg-standard-thumbnails .bwg-ecommerce2 {      font-size: 19.2px;      color: #CCCCCC;    }    <\/style>    <div id=\"bwg_container1_0\"         class=\"bwg_container bwg_thumbnail bwg_thumbnails\"         data-right-click-protection=\"0\"         data-bwg=\"0\"         data-gallery-type=\"thumbnails\"         data-current-url=\"https:\/\/www.padaste.ee\/et\/wp-json\/wp\/v2\/pages\/8615\"         data-lightbox-url=\"https:\/\/www.padaste.ee\/wp-admin\/admin-ajax.php?action=GalleryBox&current_view=0&gallery_id=8&tag=0&theme_id=1&shortcode_id=6&sort_by=order&order_by=asc&current_url=https%3A%2F%2Fwww.padaste.ee%2Fet%2Fwp-json%2Fwp%2Fv2%2Fpages%2F8615\"         data-gallery-id=\"8\"         data-popup-width=\"1200\"         data-popup-height=\"800\"         data-is-album=\"gallery\"         data-buttons-position=\"bottom\">      <div id=\"bwg_container2_0\">             <div id=\"ajax_loading_0\" class=\"bwg_loading_div_1\">      <div class=\"bwg_loading_div_2\">        <div class=\"bwg_loading_div_3\">          <div id=\"loading_div_0\" class=\"bwg_spider_ajax_loading\">          <\/div>        <\/div>      <\/div>    <\/div>            <form id=\"gal_front_form_0\"              class=\"bwg-hidden\"              method=\"post\"              action=\"#\"              data-current=\"0\"              data-shortcode-id=\"6\"              data-gallery-type=\"thumbnails\"              data-gallery-id=\"8\"              data-tag=\"0\"              data-album-id=\"0\"              data-theme-id=\"1\"              data-ajax-url=\"https:\/\/www.padaste.ee\/wp-admin\/admin-ajax.php?action=bwg_frontend_data\">          <div id=\"bwg_container3_0\" class=\"bwg-background bwg-background-0\">                <div data-max-count=\"5\"         data-thumbnail-width=\"270\"         data-bwg=\"0\"         data-gallery-id=\"8\"         data-lightbox-url=\"https:\/\/www.padaste.ee\/wp-admin\/admin-ajax.php?action=GalleryBox&current_view=0&gallery_id=8&tag=0&theme_id=1&shortcode_id=6&sort_by=order&order_by=asc&current_url=https%3A%2F%2Fwww.padaste.ee%2Fet%2Fwp-json%2Fwp%2Fv2%2Fpages%2F8615\"         id=\"bwg_thumbnails_0\"         class=\"bwg-container-0 bwg-thumbnails bwg-standard-thumbnails bwg-container bwg-border-box\">            <div class=\"bwg-item\">        <a class=\"bwg-a bwg_lightbox\"  data-image-id=\"101\" href=\"https:\/\/www.padaste.ee\/wp-content\/uploads\/photo-gallery\/3117587699_6c6990e26e_z.jpg\" data-elementor-open-lightbox=\"no\" >                <div class=\"bwg-item0 \">          <div class=\"bwg-item1 \">            <div class=\"bwg-item2\">              <img class=\"skip-lazy bwg_standart_thumb_img_0 \"                   data-id=\"101\"                   data-width=\"\"                   data-height=\"\"                   data-original=\"https:\/\/www.padaste.ee\/wp-content\/uploads\/photo-gallery\/thumb\/3117587699_6c6990e26e_z.jpg\"                   src=\"https:\/\/www.padaste.ee\/wp-content\/uploads\/photo-gallery\/thumb\/3117587699_6c6990e26e_z.jpg\"                   alt=\"3117587699 6c6990e26e z\" \/>            <\/div>            <div class=\"\">                                                      <\/div>          <\/div>        <\/div>                                <\/a>      <\/div>            <div class=\"bwg-item\">        <a class=\"bwg-a bwg_lightbox\"  data-image-id=\"100\" href=\"https:\/\/www.padaste.ee\/wp-content\/uploads\/photo-gallery\/3117596019_82e1fe096b_z.jpg\" data-elementor-open-lightbox=\"no\" >                <div class=\"bwg-item0 \">          <div class=\"bwg-item1 \">            <div class=\"bwg-item2\">              <img class=\"skip-lazy bwg_standart_thumb_img_0 \"                   data-id=\"100\"                   data-width=\"\"                   data-height=\"\"                   data-original=\"https:\/\/www.padaste.ee\/wp-content\/uploads\/photo-gallery\/thumb\/3117596019_82e1fe096b_z.jpg\"                   src=\"https:\/\/www.padaste.ee\/wp-content\/uploads\/photo-gallery\/thumb\/3117596019_82e1fe096b_z.jpg\"                   alt=\"3117596019 82e1fe096b z\" \/>            <\/div>            <div class=\"\">                                                      <\/div>          <\/div>        <\/div>                                <\/a>      <\/div>            <div class=\"bwg-item\">        <a class=\"bwg-a bwg_lightbox\"  data-image-id=\"99\" href=\"https:\/\/www.padaste.ee\/wp-content\/uploads\/photo-gallery\/3118427238_1402eec470_z.jpg\" data-elementor-open-lightbox=\"no\" >                <div class=\"bwg-item0 \">          <div class=\"bwg-item1 \">            <div class=\"bwg-item2\">              <img class=\"skip-lazy bwg_standart_thumb_img_0 \"                   data-id=\"99\"                   data-width=\"\"                   data-height=\"\"                   data-original=\"https:\/\/www.padaste.ee\/wp-content\/uploads\/photo-gallery\/thumb\/3118427238_1402eec470_z.jpg\"                   src=\"https:\/\/www.padaste.ee\/wp-content\/uploads\/photo-gallery\/thumb\/3118427238_1402eec470_z.jpg\"                   alt=\"3118427238 1402eec470 z\" \/>            <\/div>            <div class=\"\">                                                      <\/div>          <\/div>        <\/div>                                <\/a>      <\/div>            <div class=\"bwg-item\">        <a class=\"bwg-a bwg_lightbox\"  data-image-id=\"98\" href=\"https:\/\/www.padaste.ee\/wp-content\/uploads\/photo-gallery\/3712838953_9c0b93d863_z.jpg\" data-elementor-open-lightbox=\"no\" >                <div class=\"bwg-item0 \">          <div class=\"bwg-item1 \">            <div class=\"bwg-item2\">              <img class=\"skip-lazy bwg_standart_thumb_img_0 \"                   data-id=\"98\"                   data-width=\"\"                   data-height=\"\"                   data-original=\"https:\/\/www.padaste.ee\/wp-content\/uploads\/photo-gallery\/thumb\/3712838953_9c0b93d863_z.jpg\"                   src=\"https:\/\/www.padaste.ee\/wp-content\/uploads\/photo-gallery\/thumb\/3712838953_9c0b93d863_z.jpg\"                   alt=\"3712838953 9c0b93d863 z\" \/>            <\/div>            <div class=\"\">                                                      <\/div>          <\/div>        <\/div>                                <\/a>      <\/div>            <div class=\"bwg-item\">        <a class=\"bwg-a bwg_lightbox\"  data-image-id=\"97\" href=\"https:\/\/www.padaste.ee\/wp-content\/uploads\/photo-gallery\/6995032625_f730b9d1da_z.jpg\" data-elementor-open-lightbox=\"no\" >                <div class=\"bwg-item0 \">          <div class=\"bwg-item1 \">            <div class=\"bwg-item2\">              <img class=\"skip-lazy bwg_standart_thumb_img_0 \"                   data-id=\"97\"                   data-width=\"\"                   data-height=\"\"                   data-original=\"https:\/\/www.padaste.ee\/wp-content\/uploads\/photo-gallery\/thumb\/6995032625_f730b9d1da_z.jpg\"                   src=\"https:\/\/www.padaste.ee\/wp-content\/uploads\/photo-gallery\/thumb\/6995032625_f730b9d1da_z.jpg\"                   alt=\"6995032625 f730b9d1da z\" \/>            <\/div>            <div class=\"\">                                                      <\/div>          <\/div>        <\/div>                                <\/a>      <\/div>            <div class=\"bwg-item\">        <a class=\"bwg-a bwg_lightbox\"  data-image-id=\"96\" href=\"https:\/\/www.padaste.ee\/wp-content\/uploads\/photo-gallery\/3073718056_86f27bae71_z (2).jpg\" data-elementor-open-lightbox=\"no\" >                <div class=\"bwg-item0 \">          <div class=\"bwg-item1 \">            <div class=\"bwg-item2\">              <img class=\"skip-lazy bwg_standart_thumb_img_0 \"                   data-id=\"96\"                   data-width=\"\"                   data-height=\"\"                   data-original=\"https:\/\/www.padaste.ee\/wp-content\/uploads\/photo-gallery\/thumb\/3073718056_86f27bae71_z (2).jpg\"                   src=\"https:\/\/www.padaste.ee\/wp-content\/uploads\/photo-gallery\/thumb\/3073718056_86f27bae71_z (2).jpg\"                   alt=\"3073718056 86f27bae71 z (2)\" \/>            <\/div>            <div class=\"\">                                                      <\/div>          <\/div>        <\/div>                                <\/a>      <\/div>          <\/div>              <\/div>        <\/form>          <style>          #bwg_container1_0 #bwg_container2_0 #spider_popup_overlay_0 {          background-color: #000000;          opacity: 0.70;          }          <\/style>        <div id=\"bwg_spider_popup_loading_0\" class=\"bwg_spider_popup_loading\"><\/div>        <div id=\"spider_popup_overlay_0\" class=\"spider_popup_overlay\" onclick=\"spider_destroypopup(1000)\"><\/div>        <input type=\"hidden\" id=\"bwg_random_seed_0\" value=\"413814843\">                <\/div>    <\/div>    <script>      if (document.readyState === 'complete') {        if( typeof bwg_main_ready == 'function' ) {          if ( jQuery(\"#bwg_container1_0\").height() ) {            bwg_main_ready(jQuery(\"#bwg_container1_0\"));          }        }      } else {        document.addEventListener('DOMContentLoaded', function() {          if( typeof bwg_main_ready == 'function' ) {            if ( jQuery(\"#bwg_container1_0\").height() ) {             bwg_main_ready(jQuery(\"#bwg_container1_0\"));            }          }        });      }    <\/script>    \n<p>&nbsp;<\/p>\n<p>T\u00e4nap\u00e4eval on m\u00f5isa peahoone 14 tuba kaunilt sisustatud luksuslike kangastega ja parima tehnikaga, erilist t\u00e4helepanu on p\u00f6\u00f6ratud detailidele. Voodid on uhked ja k\u00f5nnite m\u00f6\u00f6da iidseid puitp\u00f5randaid. K\u00f5ikides Superior Junior Suite&#8217;ides ja Grand Suite&#8217;is on puuk\u00fcttega kaminad ning korv v\u00e4rskete halgudega ootab Teid igal hommikul. Toa audios\u00fcsteem v\u00f5imaldab valida lemmikmuusikat tuhandete esitajate ja lugude seast ning PS3 m\u00e4ngib kvaliteetseid Bluray HD filme. K\u00f5igis H\u00e4rrastemaja tubades on \u00f5hukonditsioneer ja neist avaneb kaunis vaade pargile v\u00f5i L\u00e4\u00e4nemerele. P\u00e4evapadjad kutsuvad puhkama, l\u00f5\u00f5gastuma ja unistama&#8230;<\/p>\n<p>&nbsp;<\/p>\n<p>H\u00e4rrastemajas \u00fchtekokku 3 Deluxe Double tuba, 7 Superior Double tuba, 3 Superior Junior Suite\u2019i ja Grand Suite.<br \/>\n K\u00f5ik H\u00e4rrastemaja k\u00fclalistetoad on mitte-suitsetajaile.<\/p>\n<p>&nbsp;<\/p>\n<ul>\n<li>Elegantsed ja h\u00e4stisisustatud vannitoad, eraldi vann ja du\u0161\u0161, tubades juuksef\u00f6\u00f6n<\/li>\n<li>iPad personaalseks kasutamiseks m\u00f5isas peatumise v\u00e4ltel<\/li>\n<li>Otsevalimisega telefon toas<\/li>\n<li>AV konsool peidetava 32-tollise Sony Brava HD televiisoriga<\/li>\n<li>PlayStation-3 nautimaks Blueray HD filmielamusi<\/li>\n<li>Juhtmeta Sonos audio juhtpult, avades valiku tuhandetele muusikapaladele ja v\u00f5imaldab kuulata interneti raadiojaamasid<\/li>\n<li>Bose akustiline helis\u00fcsteem<\/li>\n<li>Tasuta juhtmeta ja juhtmega interneti\u00fchendus Teie arvutis<\/li>\n<li>Interneti\u00fchendust Teie telekaekraanil<\/li>\n<li>Minibaar, hotellipoolse komplimendina tasuta lauavesi<\/li>\n<li>Vannimantel ja sussid<\/li>\n<li>Superior Junior Suite\u2019ides puuk\u00fcttega kamin<\/li>\n<\/ul>\n<p>&nbsp;<\/p>\n<p>Kui naudite t\u00e4htede all luuletuste lugemist, soovitame peatuda toas 15 \u2013 Superior Double ainulaadse luulekambrikesega. Treppim\u00f6\u00f6da p\u00e4\u00e4seb v\u00e4ikesele poolkorrusele, kus leidub m\u00e4rkimisv\u00e4\u00e4rne P\u00e4daste luulekogu. Sealne tilluke aknake avab vaate taevale kui olete end tugitoolis mugavasti sisse seadnud&#8230;<\/p>\n<p>&nbsp;<\/p>\n<p>Juhime t\u00e4helepanu, et toad 1 ja 6 on vanni ja du\u0161\u0161 \u00fcheskoos v\u00f5imalusega, tubades 5 ja 7 aga pakume vaid du\u0161i v\u00f5imalust. Tubadel 9, 10 ja 11 on privaatne r\u00f5du.<\/p>\n<p>&nbsp;<\/p>\n<p>Broneerimiseks v\u00f5tke meiega \u00fchendust emailil\u00a0<a href=\"mailto:info@padaste.ee\">info@padaste.ee<\/a>\u00a0v\u00f5i helistage numbril +372 45 48 800<\/p>\n","protected":false},"excerpt":{"rendered":"<p>H\u00e4rrastemaja P\u00e4daste M\u00f5isa H\u00e4rrastemaja on l\u00e4bi teinud ulatusliku restaureerimise, mille k\u00e4igus taastati hoonet sajandeid iseloomustanud v\u00e4\u00e4rikus ja \u00fcllas suurus. See id\u00fcllilisse L\u00e4\u00e4nemere kaldail laiuvasse parki ehitatud hoone ja aastaid puutumatuna seisnud hoonet on viimase viieteistk\u00fcmne aasta jooksul tasapisi hooletussej\u00e4etusest \u00e4ratatud ning taastamist\u00f6\u00f6d kulmineerusid 2-aastase restaureerimisprojektiga, mis l\u00f5ppes 2008. aasta juunis. M\u00f5isa vanimad osad p\u00e4rinevad juba [&hellip;]<\/p>\n","protected":false},"author":50,"featured_media":8640,"parent":8576,"menu_order":1,"comment_status":"closed","ping_status":"closed","template":"","meta":{"ngg_post_thumbnail":0,"_links_to":"","_links_to_target":""},"yoast_head":"<!-- This site is optimized with the Yoast SEO plugin v16.1.1 - https:\/\/yoast.com\/wordpress\/plugins\/seo\/ -->\n<title>H\u00e4rrastemaja -<\/title>\n<link rel=\"canonical\" href=\"https:\/\/padaste.ee\/et\/toad\/harrastemaja\/\" \/>\n<meta property=\"og:locale\" content=\"et_EE\" \/>\n<meta property=\"og:type\" content=\"article\" \/>\n<meta property=\"og:title\" content=\"H\u00e4rrastemaja -\" \/>\n<meta property=\"og:description\" content=\"H\u00e4rrastemaja P\u00e4daste M\u00f5isa H\u00e4rrastemaja on l\u00e4bi teinud ulatusliku restaureerimise, mille k\u00e4igus taastati hoonet sajandeid iseloomustanud v\u00e4\u00e4rikus ja \u00fcllas suurus. See id\u00fcllilisse L\u00e4\u00e4nemere kaldail laiuvasse parki ehitatud hoone ja aastaid puutumatuna seisnud hoonet on viimase viieteistk\u00fcmne aasta jooksul tasapisi hooletussej\u00e4etusest \u00e4ratatud ning taastamist\u00f6\u00f6d kulmineerusid 2-aastase restaureerimisprojektiga, mis l\u00f5ppes 2008. aasta juunis. M\u00f5isa vanimad osad p\u00e4rinevad juba [&hellip;]\" \/>\n<meta property=\"og:url\" content=\"https:\/\/padaste.ee\/et\/toad\/harrastemaja\/\" \/>\n<meta property=\"article:publisher\" content=\"https:\/\/www.facebook.com\/Padastemanor\/\" \/>\n<meta property=\"article:modified_time\" content=\"2018-03-08T10:40:55+00:00\" \/>\n<meta property=\"og:image\" content=\"https:\/\/www.padaste.ee\/wp-content\/uploads\/2015\/07\/3073718056-1024x683.jpg\" \/>\n\t<meta property=\"og:image:width\" content=\"1024\" \/>\n\t<meta property=\"og:image:height\" content=\"683\" \/>\n<meta name=\"twitter:card\" content=\"summary_large_image\" \/>\n<meta name=\"twitter:label1\" content=\"Est. reading time\">\n\t<meta name=\"twitter:data1\" content=\"2 minutit\">\n<script type=\"application\/ld+json\" class=\"yoast-schema-graph\">{\"@context\":\"https:\/\/schema.org\",\"@graph\":[{\"@type\":\"Organization\",\"@id\":\"https:\/\/padaste.ee\/#organization\",\"name\":\"P\\u00e4daste M\\u00f5is\",\"url\":\"https:\/\/padaste.ee\/\",\"sameAs\":[\"https:\/\/www.facebook.com\/Padastemanor\/\"],\"logo\":{\"@type\":\"ImageObject\",\"@id\":\"https:\/\/padaste.ee\/#logo\",\"inLanguage\":\"et\",\"url\":\"https:\/\/padaste.ee\/wp-content\/uploads\/2018\/12\/padaste_2011.jpg\",\"contentUrl\":\"https:\/\/padaste.ee\/wp-content\/uploads\/2018\/12\/padaste_2011.jpg\",\"width\":154,\"height\":61,\"caption\":\"P\\u00e4daste M\\u00f5is\"},\"image\":{\"@id\":\"https:\/\/padaste.ee\/#logo\"}},{\"@type\":\"WebSite\",\"@id\":\"https:\/\/padaste.ee\/#website\",\"url\":\"https:\/\/padaste.ee\/\",\"name\":\"\",\"description\":\"\",\"publisher\":{\"@id\":\"https:\/\/padaste.ee\/#organization\"},\"potentialAction\":[{\"@type\":\"SearchAction\",\"target\":\"https:\/\/padaste.ee\/?s={search_term_string}\",\"query-input\":\"required name=search_term_string\"}],\"inLanguage\":\"et\"},{\"@type\":\"ImageObject\",\"@id\":\"https:\/\/padaste.ee\/et\/toad\/harrastemaja\/#primaryimage\",\"inLanguage\":\"et\",\"url\":\"https:\/\/www.padaste.ee\/wp-content\/uploads\/2015\/07\/3073718056.jpg\",\"contentUrl\":\"https:\/\/www.padaste.ee\/wp-content\/uploads\/2015\/07\/3073718056.jpg\",\"width\":4368,\"height\":2912},{\"@type\":\"WebPage\",\"@id\":\"https:\/\/padaste.ee\/et\/toad\/harrastemaja\/#webpage\",\"url\":\"https:\/\/padaste.ee\/et\/toad\/harrastemaja\/\",\"name\":\"H\\u00e4rrastemaja -\",\"isPartOf\":{\"@id\":\"https:\/\/padaste.ee\/#website\"},\"primaryImageOfPage\":{\"@id\":\"https:\/\/padaste.ee\/et\/toad\/harrastemaja\/#primaryimage\"},\"datePublished\":\"2015-07-27T18:19:47+00:00\",\"dateModified\":\"2018-03-08T10:40:55+00:00\",\"breadcrumb\":{\"@id\":\"https:\/\/padaste.ee\/et\/toad\/harrastemaja\/#breadcrumb\"},\"inLanguage\":\"et\",\"potentialAction\":[{\"@type\":\"ReadAction\",\"target\":[\"https:\/\/padaste.ee\/et\/toad\/harrastemaja\/\"]}]},{\"@type\":\"BreadcrumbList\",\"@id\":\"https:\/\/padaste.ee\/et\/toad\/harrastemaja\/#breadcrumb\",\"itemListElement\":[{\"@type\":\"ListItem\",\"position\":1,\"item\":{\"@type\":\"WebPage\",\"@id\":\"https:\/\/xn--pdaste-bua.eu\/et\/\",\"url\":\"https:\/\/xn--pdaste-bua.eu\/et\/\",\"name\":\"Home\"}},{\"@type\":\"ListItem\",\"position\":2,\"item\":{\"@type\":\"WebPage\",\"@id\":\"https:\/\/padaste.ee\/et\/toad\/\",\"url\":\"https:\/\/padaste.ee\/et\/toad\/\",\"name\":\"Toad\"}},{\"@type\":\"ListItem\",\"position\":3,\"item\":{\"@type\":\"WebPage\",\"@id\":\"https:\/\/padaste.ee\/et\/toad\/harrastemaja\/\",\"url\":\"https:\/\/padaste.ee\/et\/toad\/harrastemaja\/\",\"name\":\"H\\u00e4rrastemaja\"}}]}]}<\/script>\n<!-- \/ Yoast SEO plugin. -->","_links":{"self":[{"href":"https:\/\/www.padaste.ee\/et\/wp-json\/wp\/v2\/pages\/8615"}],"collection":[{"href":"https:\/\/www.padaste.ee\/et\/wp-json\/wp\/v2\/pages"}],"about":[{"href":"https:\/\/www.padaste.ee\/et\/wp-json\/wp\/v2\/types\/page"}],"author":[{"embeddable":true,"href":"https:\/\/www.padaste.ee\/et\/wp-json\/wp\/v2\/users\/50"}],"replies":[{"embeddable":true,"href":"https:\/\/www.padaste.ee\/et\/wp-json\/wp\/v2\/comments?post=8615"}],"version-history":[{"count":3,"href":"https:\/\/www.padaste.ee\/et\/wp-json\/wp\/v2\/pages\/8615\/revisions"}],"predecessor-version":[{"id":12063,"href":"https:\/\/www.padaste.ee\/et\/wp-json\/wp\/v2\/pages\/8615\/revisions\/12063"}],"up":[{"embeddable":true,"href":"https:\/\/www.padaste.ee\/et\/wp-json\/wp\/v2\/pages\/8576"}],"wp:featuredmedia":[{"embeddable":true,"href":"https:\/\/www.padaste.ee\/et\/wp-json\/wp\/v2\/media\/8640"}],"wp:attachment":[{"href":"https:\/\/www.padaste.ee\/et\/wp-json\/wp\/v2\/media?parent=8615"}],"curies":[{"name":"wp","href":"https:\/\/api.w.org\/{rel}","templated":true}]}}