{"id":8653,"date":"2015-07-28T19:07:50","date_gmt":"2015-07-28T16:07:50","guid":{"rendered":"http:\/\/padastenew.local\/?page_id=8653"},"modified":"2025-04-18T07:37:45","modified_gmt":"2025-04-18T07:37:45","slug":"meelelahutus-toas","status":"publish","type":"page","link":"https:\/\/www.padaste.ee\/et\/toad\/meelelahutus-toas\/","title":{"rendered":"Meelelahutus toas"},"content":{"rendered":"<p>Meie k\u00fclaliste r\u00f5\u00f5muks ootab neid iga meie toa hulka kuuluv IPad. K\u00f5ik P\u00e4daste M\u00f5isa toad ja sviidid on varustatud satelliittelevisiooni ja tasuta WIFI-ga.<\/p>\n<p>&nbsp;<\/p>\n<p><a href=\"http:\/\/padaste.ee\/wp-content\/uploads\/2025\/04\/in_room-entertainment.png\"><img loading=\"lazy\" class=\"alignright wp-image-23258 size-medium\" src=\"http:\/\/padaste.ee\/wp-content\/uploads\/2025\/04\/in_room-entertainment-300x200.png\" alt=\"\" width=\"300\" height=\"200\" srcset=\"https:\/\/www.padaste.ee\/wp-content\/uploads\/2025\/04\/in_room-entertainment-300x200.png 300w, https:\/\/www.padaste.ee\/wp-content\/uploads\/2025\/04\/in_room-entertainment-1024x683.png 1024w, https:\/\/www.padaste.ee\/wp-content\/uploads\/2025\/04\/in_room-entertainment-768x512.png 768w, https:\/\/www.padaste.ee\/wp-content\/uploads\/2025\/04\/in_room-entertainment-24x16.png 24w, https:\/\/www.padaste.ee\/wp-content\/uploads\/2025\/04\/in_room-entertainment-36x24.png 36w, https:\/\/www.padaste.ee\/wp-content\/uploads\/2025\/04\/in_room-entertainment-48x32.png 48w, https:\/\/www.padaste.ee\/wp-content\/uploads\/2025\/04\/in_room-entertainment.png 1152w\" sizes=\"(max-width: 300px) 100vw, 300px\" \/><\/a>Teie toa IPadiga saate kontrollida toas asuvat Sonose helis\u00fcsteemi, mis avab ligip\u00e4\u00e4su enam kui 20 000 muusikapalale meie plaadikogust ja igale Teie soovitud interneti raadiojaamale. Kolme s\u00f5rmeliigutusega v\u00f5ite luua isikliku, just oma meeleolule sobiva playlisti. Sisestage Blueray ketas PS-3 m\u00e4ngijasse ja nautige oma toa m\u00f5nusas privaatsuses ehedat HD kvaliteediga filmielamust.<\/p>\n<p>&nbsp;<\/p>\n<p>H\u00e4rrastemaja toad ja sviidid pakuvad meelelahutuse osas veelgi lisa\u00fcllatusi: pilgu alt peidetud 32-tolline Sony Brava HD televiisor, mis ilmub n\u00e4htavale kerge nupuvajutusega. K\u00f5ikides H\u00e4rrastemaja tubades on Bose akustiline helis\u00fcsteem, mis on \u00fclemaailmselt tuntud oma k\u00f5rge helikvaliteedi poolest.<\/p>\n<p>&nbsp;<\/p>\n<p>Oleme need suurep\u00e4rased tehnikav\u00f5lud Teie silmade eest hoolikalt ja l\u00e4bim\u00f5eldult varjanud, et Teil j\u00e4\u00e4ks aega p\u00f6\u00f6rata t\u00e4helepanu Muhu saare imelisele ja lihtsale ilule, sest l\u00f5ppude l\u00f5puks on just need unikaalsed hetked need, mida P\u00e4dastes viibimise ajal nautida. Sellegi poolest \u2013 oleme Teie jaoks loonud k\u00f5ik v\u00f5imalused, et saaksite neid omal soovil nautida. Mugavad lahendused on k\u00e4eliigutuse kaugusel, kuid v\u00f5ite meid k\u00fclastada ka teadmata, et need \u00fcldse olemas olid. Lihtne luksus \u2013 P\u00e4daste moodi!<\/p>\n","protected":false},"excerpt":{"rendered":"<p>Meie k\u00fclaliste r\u00f5\u00f5muks ootab neid iga meie toa hulka kuuluv IPad. K\u00f5ik P\u00e4daste M\u00f5isa toad ja sviidid on varustatud satelliittelevisiooni ja tasuta WIFI-ga. &nbsp; Teie toa IPadiga saate kontrollida toas asuvat Sonose helis\u00fcsteemi, mis avab ligip\u00e4\u00e4su enam kui 20 000 muusikapalale meie plaadikogust ja igale Teie soovitud interneti raadiojaamale. Kolme s\u00f5rmeliigutusega v\u00f5ite luua isikliku, just [&hellip;]<\/p>\n","protected":false},"author":50,"featured_media":8652,"parent":8576,"menu_order":6,"comment_status":"closed","ping_status":"closed","template":"","meta":{"ngg_post_thumbnail":0,"_links_to":"","_links_to_target":""},"yoast_head":"<!-- This site is optimized with the Yoast SEO plugin v16.1.1 - https:\/\/yoast.com\/wordpress\/plugins\/seo\/ -->\n<title>Meelelahutus toas -<\/title>\n<link rel=\"canonical\" href=\"https:\/\/padaste.ee\/et\/toad\/meelelahutus-toas\/\" \/>\n<meta property=\"og:locale\" content=\"et_EE\" \/>\n<meta property=\"og:type\" content=\"article\" \/>\n<meta property=\"og:title\" content=\"Meelelahutus toas -\" \/>\n<meta property=\"og:description\" content=\"Meie k\u00fclaliste r\u00f5\u00f5muks ootab neid iga meie toa hulka kuuluv IPad. K\u00f5ik P\u00e4daste M\u00f5isa toad ja sviidid on varustatud satelliittelevisiooni ja tasuta WIFI-ga. &nbsp; Teie toa IPadiga saate kontrollida toas asuvat Sonose helis\u00fcsteemi, mis avab ligip\u00e4\u00e4su enam kui 20 000 muusikapalale meie plaadikogust ja igale Teie soovitud interneti raadiojaamale. Kolme s\u00f5rmeliigutusega v\u00f5ite luua isikliku, just [&hellip;]\" \/>\n<meta property=\"og:url\" content=\"https:\/\/padaste.ee\/et\/toad\/meelelahutus-toas\/\" \/>\n<meta property=\"article:publisher\" content=\"https:\/\/www.facebook.com\/Padastemanor\/\" \/>\n<meta property=\"article:modified_time\" content=\"2025-04-18T07:37:45+00:00\" \/>\n<meta property=\"og:image\" content=\"https:\/\/www.padaste.ee\/wp-content\/uploads\/2015\/07\/6848978406.jpg\" \/>\n\t<meta property=\"og:image:width\" content=\"3264\" \/>\n\t<meta property=\"og:image:height\" content=\"2448\" \/>\n<meta name=\"twitter:card\" content=\"summary_large_image\" \/>\n<meta name=\"twitter:label1\" content=\"Est. reading time\">\n\t<meta name=\"twitter:data1\" content=\"2 minutit\">\n<script type=\"application\/ld+json\" class=\"yoast-schema-graph\">{\"@context\":\"https:\/\/schema.org\",\"@graph\":[{\"@type\":\"Organization\",\"@id\":\"https:\/\/padaste.ee\/#organization\",\"name\":\"P\\u00e4daste M\\u00f5is\",\"url\":\"https:\/\/padaste.ee\/\",\"sameAs\":[\"https:\/\/www.facebook.com\/Padastemanor\/\"],\"logo\":{\"@type\":\"ImageObject\",\"@id\":\"https:\/\/padaste.ee\/#logo\",\"inLanguage\":\"et\",\"url\":\"https:\/\/padaste.ee\/wp-content\/uploads\/2018\/12\/padaste_2011.jpg\",\"contentUrl\":\"https:\/\/padaste.ee\/wp-content\/uploads\/2018\/12\/padaste_2011.jpg\",\"width\":154,\"height\":61,\"caption\":\"P\\u00e4daste M\\u00f5is\"},\"image\":{\"@id\":\"https:\/\/padaste.ee\/#logo\"}},{\"@type\":\"WebSite\",\"@id\":\"https:\/\/padaste.ee\/#website\",\"url\":\"https:\/\/padaste.ee\/\",\"name\":\"\",\"description\":\"\",\"publisher\":{\"@id\":\"https:\/\/padaste.ee\/#organization\"},\"potentialAction\":[{\"@type\":\"SearchAction\",\"target\":\"https:\/\/padaste.ee\/?s={search_term_string}\",\"query-input\":\"required name=search_term_string\"}],\"inLanguage\":\"et\"},{\"@type\":\"ImageObject\",\"@id\":\"https:\/\/padaste.ee\/et\/toad\/meelelahutus-toas\/#primaryimage\",\"inLanguage\":\"et\",\"url\":\"https:\/\/www.padaste.ee\/wp-content\/uploads\/2015\/07\/6848978406.jpg\",\"contentUrl\":\"https:\/\/www.padaste.ee\/wp-content\/uploads\/2015\/07\/6848978406.jpg\",\"width\":3264,\"height\":2448},{\"@type\":\"WebPage\",\"@id\":\"https:\/\/padaste.ee\/et\/toad\/meelelahutus-toas\/#webpage\",\"url\":\"https:\/\/padaste.ee\/et\/toad\/meelelahutus-toas\/\",\"name\":\"Meelelahutus toas -\",\"isPartOf\":{\"@id\":\"https:\/\/padaste.ee\/#website\"},\"primaryImageOfPage\":{\"@id\":\"https:\/\/padaste.ee\/et\/toad\/meelelahutus-toas\/#primaryimage\"},\"datePublished\":\"2015-07-28T16:07:50+00:00\",\"dateModified\":\"2025-04-18T07:37:45+00:00\",\"breadcrumb\":{\"@id\":\"https:\/\/padaste.ee\/et\/toad\/meelelahutus-toas\/#breadcrumb\"},\"inLanguage\":\"et\",\"potentialAction\":[{\"@type\":\"ReadAction\",\"target\":[\"https:\/\/padaste.ee\/et\/toad\/meelelahutus-toas\/\"]}]},{\"@type\":\"BreadcrumbList\",\"@id\":\"https:\/\/padaste.ee\/et\/toad\/meelelahutus-toas\/#breadcrumb\",\"itemListElement\":[{\"@type\":\"ListItem\",\"position\":1,\"item\":{\"@type\":\"WebPage\",\"@id\":\"https:\/\/xn--pdaste-bua.eu\/et\/\",\"url\":\"https:\/\/xn--pdaste-bua.eu\/et\/\",\"name\":\"Home\"}},{\"@type\":\"ListItem\",\"position\":2,\"item\":{\"@type\":\"WebPage\",\"@id\":\"https:\/\/padaste.ee\/et\/toad\/\",\"url\":\"https:\/\/padaste.ee\/et\/toad\/\",\"name\":\"Toad\"}},{\"@type\":\"ListItem\",\"position\":3,\"item\":{\"@type\":\"WebPage\",\"@id\":\"https:\/\/padaste.ee\/et\/toad\/meelelahutus-toas\/\",\"url\":\"https:\/\/padaste.ee\/et\/toad\/meelelahutus-toas\/\",\"name\":\"Meelelahutus toas\"}}]}]}<\/script>\n<!-- \/ Yoast SEO plugin. -->","_links":{"self":[{"href":"https:\/\/www.padaste.ee\/et\/wp-json\/wp\/v2\/pages\/8653"}],"collection":[{"href":"https:\/\/www.padaste.ee\/et\/wp-json\/wp\/v2\/pages"}],"about":[{"href":"https:\/\/www.padaste.ee\/et\/wp-json\/wp\/v2\/types\/page"}],"author":[{"embeddable":true,"href":"https:\/\/www.padaste.ee\/et\/wp-json\/wp\/v2\/users\/50"}],"replies":[{"embeddable":true,"href":"https:\/\/www.padaste.ee\/et\/wp-json\/wp\/v2\/comments?post=8653"}],"version-history":[{"count":3,"href":"https:\/\/www.padaste.ee\/et\/wp-json\/wp\/v2\/pages\/8653\/revisions"}],"predecessor-version":[{"id":23260,"href":"https:\/\/www.padaste.ee\/et\/wp-json\/wp\/v2\/pages\/8653\/revisions\/23260"}],"up":[{"embeddable":true,"href":"https:\/\/www.padaste.ee\/et\/wp-json\/wp\/v2\/pages\/8576"}],"wp:featuredmedia":[{"embeddable":true,"href":"https:\/\/www.padaste.ee\/et\/wp-json\/wp\/v2\/media\/8652"}],"wp:attachment":[{"href":"https:\/\/www.padaste.ee\/et\/wp-json\/wp\/v2\/media?parent=8653"}],"curies":[{"name":"wp","href":"https:\/\/api.w.org\/{rel}","templated":true}]}}