{"id":8912,"date":"2015-07-29T17:25:57","date_gmt":"2015-07-29T14:25:57","guid":{"rendered":"http:\/\/padastenew.local\/?page_id=8912"},"modified":"2018-03-08T12:14:35","modified_gmt":"2018-03-08T10:14:35","slug":"lennugraafik-tallinn-kuressaare","status":"publish","type":"page","link":"https:\/\/www.padaste.ee\/et\/mois\/asukoht\/lennugraafik-tallinn-kuressaare\/","title":{"rendered":"Lennugraafik Tallinn &#8211; Kuressaare"},"content":{"rendered":"<table style=\"width: 710px; height: 183px;\" border=\"1\" cellspacing=\"1\" cellpadding=\"1\">\n<tbody>\n<tr>\n<td>\n<p><span style=\"font-family: Verdana;\"><strong>Tallinn &gt; Kuressaare<\/strong><\/span><\/p>\n<\/td>\n<td>&nbsp;<\/td>\n<td>&nbsp;<\/td>\n<td>&nbsp;<\/td>\n<\/tr>\n<tr>\n<td><span style=\"font-family: Verdana;\">P\u00e4ev<\/span><\/td>\n<td><span style=\"font-family: Verdana;\">Lahkumine<\/span><\/td>\n<td><span style=\"font-family: Verdana;\">Saabumine<\/span><\/td>\n<td><span style=\"font-family: Verdana;\">Lend <\/span><\/td>\n<\/tr>\n<tr>\n<td><span style=\"font-family: Verdana;\">1 2 3 4 5 \u2022 \u2022<\/span><\/td>\n<td style=\"text-align: left;\"><span style=\"font-family: Verdana;\">08.35 <\/span><\/td>\n<td><span style=\"font-family: Verdana;\"> 09.15<\/span><\/td>\n<td><span style=\"font-family: Verdana;\">KTB680<\/span><\/td>\n<\/tr>\n<tr>\n<td><span style=\"font-family: Verdana;\"><span style=\"font-family: Verdana;\">\u2022 \u2022 \u2022 \u2022 \u2022 6\u00a0<\/span><\/span><span style=\"font-family: Verdana;\">\u2022<\/span><\/td>\n<td><span style=\"font-family: Verdana;\">10.50<\/span><\/td>\n<td><span style=\"font-family: Verdana;\">11.30 <\/span><\/td>\n<td><span style=\"font-family: Verdana;\">KTB682<\/span><\/td>\n<\/tr>\n<tr>\n<td><span style=\"font-family: Verdana;\">1 2 2 4 5 \u2022 7<\/span><\/td>\n<td><span style=\"font-family: Verdana;\"> 18.35 <\/span><\/td>\n<td><span style=\"font-family: Verdana;\">19.15<\/span><\/td>\n<td><span style=\"font-family: Verdana;\">KTB686<\/span><\/td>\n<\/tr>\n<\/tbody>\n<\/table>\n<p>&nbsp;<\/p>\n<table style=\"width: 710px; height: 183px;\" border=\"1\" cellspacing=\"1\" cellpadding=\"1\">\n<tbody>\n<tr>\n<td><span style=\"font-family: Verdana;\"><strong>Kuressaare &gt; Tallinn<\/strong><\/span><\/td>\n<td>&nbsp;<\/td>\n<td>&nbsp;<\/td>\n<td>&nbsp;<\/td>\n<\/tr>\n<tr>\n<td><span style=\"font-family: Verdana;\">P\u00e4ev<\/span><\/td>\n<td><span style=\"font-family: Verdana;\">Lahkumine<\/span><\/td>\n<td><span style=\"font-family: Verdana;\">Saabumine<\/span><\/td>\n<td><span style=\"font-family: Verdana;\">Lend <\/span><\/td>\n<\/tr>\n<tr>\n<td><span style=\"font-family: Verdana;\">1 2 3 4 5 \u2022 \u2022<\/span><\/td>\n<td><span style=\"font-family: Verdana;\"> 09.30 <\/span><\/td>\n<td><span style=\"font-family: Verdana;\">10.10 <\/span><\/td>\n<td><span style=\"font-family: Verdana;\">KTB681<\/span><\/td>\n<\/tr>\n<tr>\n<td><span style=\"font-family: Verdana;\"><span style=\"font-family: Verdana;\">\u2022 \u2022 \u2022 \u2022 \u2022 6\u00a0<\/span><\/span><span style=\"font-family: Verdana;\">\u2022<\/span><\/td>\n<td><span style=\"font-family: Verdana;\">11.45<\/span><\/td>\n<td><span style=\"font-family: Verdana;\">12.30 <\/span><\/td>\n<td><span style=\"font-family: Verdana;\">KTB683<\/span><\/td>\n<\/tr>\n<tr>\n<td><span style=\"font-family: Verdana;\">1 2 3 4 5 \u2022 7<\/span><\/td>\n<td><span style=\"font-family: Verdana;\"> 19.30 <\/span><\/td>\n<td><span style=\"font-family: Verdana;\">20.10 <\/span><\/td>\n<td><span style=\"font-family: Verdana;\">KTB687<\/span><\/td>\n<\/tr>\n<\/tbody>\n<\/table>\n<p>&nbsp;<\/p>\n<p>K\u00f5ikide lendude operaatorfirma on Airlink. Graafikus v\u00f5ib esineda muudatusi ilma etteteatamiseta. Enamus rahvusvaheliste lendude puhul v\u00f5imalik pagas saata otse Kuressaarde. Broneeri lend <a href=\"https:\/\/www.airlink.ee\/booking\/\">Airlink kodulehel<\/a> v\u00f5i <a href=\"mailto:info@padaste.ee?subject=Inquiry%20about%20connections%20via%20Kuressaare%20Airport\">saada p\u00e4ring P\u00e4daste M\u00f5isale<\/a>, abistame Teid meeleldi lennubroneeringute, autorendi v\u00f5i Kuressaarest P\u00e4dastestesse transfeeriga.<\/p>\n<p>&nbsp;<\/p>\n<p><a href=\"http:\/\/padaste.ee\/et\/mois\/asukoht\/\">Tagasi<\/a><\/p>\n","protected":false},"excerpt":{"rendered":"<p>Tallinn &gt; Kuressaare &nbsp; &nbsp; &nbsp; P\u00e4ev Lahkumine Saabumine Lend 1 2 3 4 5 \u2022 \u2022 08.35 09.15 KTB680 \u2022 \u2022 \u2022 \u2022 \u2022 6\u00a0\u2022 10.50 11.30 KTB682 1 2 2 4 5 \u2022 7 18.35 19.15 KTB686 &nbsp; Kuressaare &gt; Tallinn &nbsp; &nbsp; &nbsp; P\u00e4ev Lahkumine Saabumine Lend 1 2 3 4 5 [&hellip;]<\/p>\n","protected":false},"author":50,"featured_media":0,"parent":8633,"menu_order":6,"comment_status":"closed","ping_status":"closed","template":"","meta":{"ngg_post_thumbnail":0,"_links_to":"","_links_to_target":""},"yoast_head":"<!-- This site is optimized with the Yoast SEO plugin v16.1.1 - https:\/\/yoast.com\/wordpress\/plugins\/seo\/ -->\n<title>Lennugraafik Tallinn - Kuressaare -<\/title>\n<link rel=\"canonical\" href=\"https:\/\/www.padaste.ee\/et\/mois\/asukoht\/lennugraafik-tallinn-kuressaare\/\" \/>\n<meta property=\"og:locale\" content=\"et_EE\" \/>\n<meta property=\"og:type\" content=\"article\" \/>\n<meta property=\"og:title\" content=\"Lennugraafik Tallinn - Kuressaare -\" \/>\n<meta property=\"og:description\" content=\"Tallinn &gt; Kuressaare &nbsp; &nbsp; &nbsp; P\u00e4ev Lahkumine Saabumine Lend 1 2 3 4 5 \u2022 \u2022 08.35 09.15 KTB680 \u2022 \u2022 \u2022 \u2022 \u2022 6\u00a0\u2022 10.50 11.30 KTB682 1 2 2 4 5 \u2022 7 18.35 19.15 KTB686 &nbsp; Kuressaare &gt; Tallinn &nbsp; &nbsp; &nbsp; P\u00e4ev Lahkumine Saabumine Lend 1 2 3 4 5 [&hellip;]\" \/>\n<meta property=\"og:url\" content=\"https:\/\/www.padaste.ee\/et\/mois\/asukoht\/lennugraafik-tallinn-kuressaare\/\" \/>\n<meta property=\"article:publisher\" content=\"https:\/\/www.facebook.com\/Padastemanor\/\" \/>\n<meta property=\"article:modified_time\" content=\"2018-03-08T10:14:35+00:00\" \/>\n<meta name=\"twitter:card\" content=\"summary_large_image\" \/>\n<script type=\"application\/ld+json\" class=\"yoast-schema-graph\">{\"@context\":\"https:\/\/schema.org\",\"@graph\":[{\"@type\":\"Organization\",\"@id\":\"https:\/\/www.xn--pdaste-bua.eu\/#organization\",\"name\":\"P\\u00e4daste M\\u00f5is\",\"url\":\"https:\/\/www.xn--pdaste-bua.eu\/\",\"sameAs\":[\"https:\/\/www.facebook.com\/Padastemanor\/\"],\"logo\":{\"@type\":\"ImageObject\",\"@id\":\"https:\/\/www.xn--pdaste-bua.eu\/#logo\",\"inLanguage\":\"et\",\"url\":\"https:\/\/padaste.ee\/wp-content\/uploads\/2018\/12\/padaste_2011.jpg\",\"contentUrl\":\"https:\/\/padaste.ee\/wp-content\/uploads\/2018\/12\/padaste_2011.jpg\",\"width\":154,\"height\":61,\"caption\":\"P\\u00e4daste M\\u00f5is\"},\"image\":{\"@id\":\"https:\/\/www.xn--pdaste-bua.eu\/#logo\"}},{\"@type\":\"WebSite\",\"@id\":\"https:\/\/www.xn--pdaste-bua.eu\/#website\",\"url\":\"https:\/\/www.xn--pdaste-bua.eu\/\",\"name\":\"\",\"description\":\"\",\"publisher\":{\"@id\":\"https:\/\/www.xn--pdaste-bua.eu\/#organization\"},\"potentialAction\":[{\"@type\":\"SearchAction\",\"target\":\"https:\/\/www.xn--pdaste-bua.eu\/?s={search_term_string}\",\"query-input\":\"required name=search_term_string\"}],\"inLanguage\":\"et\"},{\"@type\":\"WebPage\",\"@id\":\"https:\/\/www.padaste.ee\/et\/mois\/asukoht\/lennugraafik-tallinn-kuressaare\/#webpage\",\"url\":\"https:\/\/www.padaste.ee\/et\/mois\/asukoht\/lennugraafik-tallinn-kuressaare\/\",\"name\":\"Lennugraafik Tallinn - Kuressaare -\",\"isPartOf\":{\"@id\":\"https:\/\/www.xn--pdaste-bua.eu\/#website\"},\"datePublished\":\"2015-07-29T14:25:57+00:00\",\"dateModified\":\"2018-03-08T10:14:35+00:00\",\"breadcrumb\":{\"@id\":\"https:\/\/www.padaste.ee\/et\/mois\/asukoht\/lennugraafik-tallinn-kuressaare\/#breadcrumb\"},\"inLanguage\":\"et\",\"potentialAction\":[{\"@type\":\"ReadAction\",\"target\":[\"https:\/\/www.padaste.ee\/et\/mois\/asukoht\/lennugraafik-tallinn-kuressaare\/\"]}]},{\"@type\":\"BreadcrumbList\",\"@id\":\"https:\/\/www.padaste.ee\/et\/mois\/asukoht\/lennugraafik-tallinn-kuressaare\/#breadcrumb\",\"itemListElement\":[{\"@type\":\"ListItem\",\"position\":1,\"item\":{\"@type\":\"WebPage\",\"@id\":\"https:\/\/xn--pdaste-bua.eu\/et\/\",\"url\":\"https:\/\/xn--pdaste-bua.eu\/et\/\",\"name\":\"Home\"}},{\"@type\":\"ListItem\",\"position\":2,\"item\":{\"@type\":\"WebPage\",\"@id\":\"https:\/\/xn--pdaste-bua.eu\/et\/mois\/\",\"url\":\"https:\/\/xn--pdaste-bua.eu\/et\/mois\/\",\"name\":\"M\\u00f5is\"}},{\"@type\":\"ListItem\",\"position\":3,\"item\":{\"@type\":\"WebPage\",\"@id\":\"https:\/\/xn--pdaste-bua.eu\/et\/mois\/asukoht\/\",\"url\":\"https:\/\/xn--pdaste-bua.eu\/et\/mois\/asukoht\/\",\"name\":\"Asukoht\"}},{\"@type\":\"ListItem\",\"position\":4,\"item\":{\"@type\":\"WebPage\",\"@id\":\"https:\/\/www.padaste.ee\/et\/mois\/asukoht\/lennugraafik-tallinn-kuressaare\/\",\"url\":\"https:\/\/www.padaste.ee\/et\/mois\/asukoht\/lennugraafik-tallinn-kuressaare\/\",\"name\":\"Lennugraafik Tallinn &#8211; Kuressaare\"}}]}]}<\/script>\n<!-- \/ Yoast SEO plugin. -->","_links":{"self":[{"href":"https:\/\/www.padaste.ee\/et\/wp-json\/wp\/v2\/pages\/8912"}],"collection":[{"href":"https:\/\/www.padaste.ee\/et\/wp-json\/wp\/v2\/pages"}],"about":[{"href":"https:\/\/www.padaste.ee\/et\/wp-json\/wp\/v2\/types\/page"}],"author":[{"embeddable":true,"href":"https:\/\/www.padaste.ee\/et\/wp-json\/wp\/v2\/users\/50"}],"replies":[{"embeddable":true,"href":"https:\/\/www.padaste.ee\/et\/wp-json\/wp\/v2\/comments?post=8912"}],"version-history":[{"count":2,"href":"https:\/\/www.padaste.ee\/et\/wp-json\/wp\/v2\/pages\/8912\/revisions"}],"predecessor-version":[{"id":12056,"href":"https:\/\/www.padaste.ee\/et\/wp-json\/wp\/v2\/pages\/8912\/revisions\/12056"}],"up":[{"embeddable":true,"href":"https:\/\/www.padaste.ee\/et\/wp-json\/wp\/v2\/pages\/8633"}],"wp:attachment":[{"href":"https:\/\/www.padaste.ee\/et\/wp-json\/wp\/v2\/media?parent=8912"}],"curies":[{"name":"wp","href":"https:\/\/api.w.org\/{rel}","templated":true}]}}