{"id":8967,"date":"2015-07-29T21:27:44","date_gmt":"2015-07-29T18:27:44","guid":{"rendered":"http:\/\/padastenew.local\/?page_id=8967"},"modified":"2025-10-14T08:15:52","modified_gmt":"2025-10-14T08:15:52","slug":"vaimustav-spa","status":"publish","type":"page","link":"https:\/\/www.padaste.ee\/et\/eripakkumised\/vaimustav-spa\/","title":{"rendered":"Vaimustav Spa"},"content":{"rendered":"<p><a href=\"http:\/\/www.padaste.ee\/wp-content\/uploads\/2018\/02\/5961006571.jpg\"><img loading=\"lazy\" class=\"alignright wp-image-11911 size-medium\" src=\"http:\/\/www.padaste.ee\/wp-content\/uploads\/2018\/02\/5961006571-200x300.jpg\" alt=\"\" width=\"200\" height=\"300\" srcset=\"https:\/\/www.padaste.ee\/wp-content\/uploads\/2018\/02\/5961006571-200x300.jpg 200w, https:\/\/www.padaste.ee\/wp-content\/uploads\/2018\/02\/5961006571-768x1152.jpg 768w, https:\/\/www.padaste.ee\/wp-content\/uploads\/2018\/02\/5961006571-683x1024.jpg 683w, https:\/\/www.padaste.ee\/wp-content\/uploads\/2018\/02\/5961006571-16x24.jpg 16w, https:\/\/www.padaste.ee\/wp-content\/uploads\/2018\/02\/5961006571-24x36.jpg 24w, https:\/\/www.padaste.ee\/wp-content\/uploads\/2018\/02\/5961006571-32x48.jpg 32w\" sizes=\"(max-width: 200px) 100vw, 200px\" \/><\/a><\/p>\n<h1><span style=\"font-size: 22px; color: #ff0000;\">VAIMUSTAV SPA, 3 \u00f6\u00f6d<\/span><\/h1>\n<p>&nbsp;<\/p>\n<p>&nbsp;<\/p>\n<p><strong>Eripakkumises sisaldub:<\/strong><\/p>\n<p>&nbsp;<\/p>\n<ul>\n<li>3 \u00f6\u00f6d majutust P\u00e4daste M\u00f5isas<\/li>\n<li>Tervituseks klaas vahuveini saabumisel serveerituna teie tuppa<\/li>\n<li>Valik P\u00e4daste Gourmet h\u00f5rgutisi ootamas teie toas<\/li>\n<li><span class=\"e2ma-style\">Rikkalik&nbsp;<em>\u00e0 la carte<\/em> hommikus\u00f6\u00f6k restorani Alexander talveaias<\/span><\/li>\n<li>3 neljak\u00e4igulist <em>Table d&#8217;H\u00f4te<\/em> \u00f5htus\u00f6\u00f6ki restoranis Alexander<\/li>\n<li>2 kahek\u00e4igulist <em>Table d&#8217;H\u00f4te<\/em> l\u00f5unas\u00f6\u00f6k<\/li>\n<li>T\u00e4iuslik nahahooldus P\u00e4daste Spas kahele<\/li>\n<li>\u201cT\u00f5use ja s\u00e4ra\u201d hommikuv\u00f5imlemine iga p\u00e4ev kell 09:00 \u2013 joogal p\u00f5hinev virgutus ja venitused parima p\u00e4eva alustamiseks!<\/li>\n<\/ul>\n<p>&nbsp;<\/p>\n<p><strong>Hind alates 1379 \u20ac<\/strong><\/p>\n<p>&nbsp;<\/p>\n<p><a href=\"http:\/\/www.padaste.ee\/et\/eripakkumised\/vaimustav-spa\/eripakkumise-detailid-vaimustav-spa\/\">Eripakkumise detailid ja hinnad<\/a><\/p>\n<p>&nbsp;<\/p>\n<p>Broneerimiseks v\u00f5tke meiega \u00fchendust emailil&nbsp;<a href=\"mailto:info@padaste.ee\">info@padaste.ee<\/a>&nbsp;v\u00f5i helistage numbril +372 45 48 800<\/p>\n","protected":false},"excerpt":{"rendered":"<p>VAIMUSTAV SPA, 3 \u00f6\u00f6d &nbsp; &nbsp; Eripakkumises sisaldub: &nbsp; 3 \u00f6\u00f6d majutust P\u00e4daste M\u00f5isas Tervituseks klaas vahuveini saabumisel serveerituna teie tuppa Valik P\u00e4daste Gourmet h\u00f5rgutisi ootamas teie toas Rikkalik&nbsp;\u00e0 la carte hommikus\u00f6\u00f6k restorani Alexander talveaias 3 neljak\u00e4igulist Table d&#8217;H\u00f4te \u00f5htus\u00f6\u00f6ki restoranis Alexander 2 kahek\u00e4igulist Table d&#8217;H\u00f4te l\u00f5unas\u00f6\u00f6k T\u00e4iuslik nahahooldus P\u00e4daste Spas kahele \u201cT\u00f5use ja s\u00e4ra\u201d [&hellip;]<\/p>\n","protected":false},"author":50,"featured_media":11911,"parent":8975,"menu_order":0,"comment_status":"closed","ping_status":"closed","template":"","meta":{"ngg_post_thumbnail":0,"_links_to":"","_links_to_target":""},"yoast_head":"<!-- This site is optimized with the Yoast SEO plugin v16.1.1 - https:\/\/yoast.com\/wordpress\/plugins\/seo\/ -->\n<title>Vaimustav Spa -<\/title>\n<link rel=\"canonical\" href=\"https:\/\/www.padaste.ee\/et\/eripakkumised\/vaimustav-spa\/\" \/>\n<meta property=\"og:locale\" content=\"et_EE\" \/>\n<meta property=\"og:type\" content=\"article\" \/>\n<meta property=\"og:title\" content=\"Vaimustav Spa -\" \/>\n<meta property=\"og:description\" content=\"VAIMUSTAV SPA, 3 \u00f6\u00f6d &nbsp; &nbsp; Eripakkumises sisaldub: &nbsp; 3 \u00f6\u00f6d majutust P\u00e4daste M\u00f5isas Tervituseks klaas vahuveini saabumisel serveerituna teie tuppa Valik P\u00e4daste Gourmet h\u00f5rgutisi ootamas teie toas Rikkalik&nbsp;\u00e0 la carte hommikus\u00f6\u00f6k restorani Alexander talveaias 3 neljak\u00e4igulist Table d&#8217;H\u00f4te \u00f5htus\u00f6\u00f6ki restoranis Alexander 2 kahek\u00e4igulist Table d&#8217;H\u00f4te l\u00f5unas\u00f6\u00f6k T\u00e4iuslik nahahooldus P\u00e4daste Spas kahele \u201cT\u00f5use ja s\u00e4ra\u201d [&hellip;]\" \/>\n<meta property=\"og:url\" content=\"https:\/\/www.padaste.ee\/et\/eripakkumised\/vaimustav-spa\/\" \/>\n<meta property=\"article:publisher\" content=\"https:\/\/www.facebook.com\/Padastemanor\/\" \/>\n<meta property=\"article:modified_time\" content=\"2025-10-14T08:15:52+00:00\" \/>\n<meta property=\"og:image\" content=\"https:\/\/www.padaste.ee\/wp-content\/uploads\/2018\/02\/5961006571-683x1024.jpg\" \/>\n\t<meta property=\"og:image:width\" content=\"683\" \/>\n\t<meta property=\"og:image:height\" content=\"1024\" \/>\n<meta name=\"twitter:card\" content=\"summary_large_image\" \/>\n<meta name=\"twitter:label1\" content=\"Est. reading time\">\n\t<meta name=\"twitter:data1\" content=\"1 minut\">\n<script type=\"application\/ld+json\" class=\"yoast-schema-graph\">{\"@context\":\"https:\/\/schema.org\",\"@graph\":[{\"@type\":\"Organization\",\"@id\":\"https:\/\/padaste.ee\/#organization\",\"name\":\"P\\u00e4daste M\\u00f5is\",\"url\":\"https:\/\/padaste.ee\/\",\"sameAs\":[\"https:\/\/www.facebook.com\/Padastemanor\/\"],\"logo\":{\"@type\":\"ImageObject\",\"@id\":\"https:\/\/padaste.ee\/#logo\",\"inLanguage\":\"et\",\"url\":\"https:\/\/padaste.ee\/wp-content\/uploads\/2018\/12\/padaste_2011.jpg\",\"contentUrl\":\"https:\/\/padaste.ee\/wp-content\/uploads\/2018\/12\/padaste_2011.jpg\",\"width\":154,\"height\":61,\"caption\":\"P\\u00e4daste M\\u00f5is\"},\"image\":{\"@id\":\"https:\/\/padaste.ee\/#logo\"}},{\"@type\":\"WebSite\",\"@id\":\"https:\/\/padaste.ee\/#website\",\"url\":\"https:\/\/padaste.ee\/\",\"name\":\"\",\"description\":\"\",\"publisher\":{\"@id\":\"https:\/\/padaste.ee\/#organization\"},\"potentialAction\":[{\"@type\":\"SearchAction\",\"target\":\"https:\/\/padaste.ee\/?s={search_term_string}\",\"query-input\":\"required name=search_term_string\"}],\"inLanguage\":\"et\"},{\"@type\":\"ImageObject\",\"@id\":\"https:\/\/www.padaste.ee\/et\/eripakkumised\/vaimustav-spa\/#primaryimage\",\"inLanguage\":\"et\",\"url\":\"https:\/\/www.padaste.ee\/wp-content\/uploads\/2018\/02\/5961006571.jpg\",\"contentUrl\":\"https:\/\/www.padaste.ee\/wp-content\/uploads\/2018\/02\/5961006571.jpg\",\"width\":2533,\"height\":3800},{\"@type\":\"WebPage\",\"@id\":\"https:\/\/www.padaste.ee\/et\/eripakkumised\/vaimustav-spa\/#webpage\",\"url\":\"https:\/\/www.padaste.ee\/et\/eripakkumised\/vaimustav-spa\/\",\"name\":\"Vaimustav Spa -\",\"isPartOf\":{\"@id\":\"https:\/\/padaste.ee\/#website\"},\"primaryImageOfPage\":{\"@id\":\"https:\/\/www.padaste.ee\/et\/eripakkumised\/vaimustav-spa\/#primaryimage\"},\"datePublished\":\"2015-07-29T18:27:44+00:00\",\"dateModified\":\"2025-10-14T08:15:52+00:00\",\"breadcrumb\":{\"@id\":\"https:\/\/www.padaste.ee\/et\/eripakkumised\/vaimustav-spa\/#breadcrumb\"},\"inLanguage\":\"et\",\"potentialAction\":[{\"@type\":\"ReadAction\",\"target\":[\"https:\/\/www.padaste.ee\/et\/eripakkumised\/vaimustav-spa\/\"]}]},{\"@type\":\"BreadcrumbList\",\"@id\":\"https:\/\/www.padaste.ee\/et\/eripakkumised\/vaimustav-spa\/#breadcrumb\",\"itemListElement\":[{\"@type\":\"ListItem\",\"position\":1,\"item\":{\"@type\":\"WebPage\",\"@id\":\"https:\/\/xn--pdaste-bua.eu\/et\/\",\"url\":\"https:\/\/xn--pdaste-bua.eu\/et\/\",\"name\":\"Home\"}},{\"@type\":\"ListItem\",\"position\":2,\"item\":{\"@type\":\"WebPage\",\"@id\":\"https:\/\/padaste.ee\/et\/eripakkumised\/\",\"url\":\"https:\/\/padaste.ee\/et\/eripakkumised\/\",\"name\":\"Eripakkumised\"}},{\"@type\":\"ListItem\",\"position\":3,\"item\":{\"@type\":\"WebPage\",\"@id\":\"https:\/\/www.padaste.ee\/et\/eripakkumised\/vaimustav-spa\/\",\"url\":\"https:\/\/www.padaste.ee\/et\/eripakkumised\/vaimustav-spa\/\",\"name\":\"Vaimustav Spa\"}}]}]}<\/script>\n<!-- \/ Yoast SEO plugin. -->","_links":{"self":[{"href":"https:\/\/www.padaste.ee\/et\/wp-json\/wp\/v2\/pages\/8967"}],"collection":[{"href":"https:\/\/www.padaste.ee\/et\/wp-json\/wp\/v2\/pages"}],"about":[{"href":"https:\/\/www.padaste.ee\/et\/wp-json\/wp\/v2\/types\/page"}],"author":[{"embeddable":true,"href":"https:\/\/www.padaste.ee\/et\/wp-json\/wp\/v2\/users\/50"}],"replies":[{"embeddable":true,"href":"https:\/\/www.padaste.ee\/et\/wp-json\/wp\/v2\/comments?post=8967"}],"version-history":[{"count":15,"href":"https:\/\/www.padaste.ee\/et\/wp-json\/wp\/v2\/pages\/8967\/revisions"}],"predecessor-version":[{"id":25504,"href":"https:\/\/www.padaste.ee\/et\/wp-json\/wp\/v2\/pages\/8967\/revisions\/25504"}],"up":[{"embeddable":true,"href":"https:\/\/www.padaste.ee\/et\/wp-json\/wp\/v2\/pages\/8975"}],"wp:featuredmedia":[{"embeddable":true,"href":"https:\/\/www.padaste.ee\/et\/wp-json\/wp\/v2\/media\/11911"}],"wp:attachment":[{"href":"https:\/\/www.padaste.ee\/et\/wp-json\/wp\/v2\/media?parent=8967"}],"curies":[{"name":"wp","href":"https:\/\/api.w.org\/{rel}","templated":true}]}}